{"id":8121,"date":"2025-05-01T18:39:37","date_gmt":"2025-05-01T16:39:37","guid":{"rendered":"https:\/\/linemakeup.training\/?post_type=product&#038;p=8121"},"modified":"2025-05-01T20:09:10","modified_gmt":"2025-05-01T18:09:10","slug":"masque-maquillage-permanent-microblading-extension-de-cils-henne","status":"publish","type":"product","link":"https:\/\/linemakeup.training\/en\/product\/masque-maquillage-permanent-microblading-extension-de-cils-henne\/","title":{"rendered":"Masque"},"content":{"rendered":"<p style=\"text-align: left;\">Le <strong>masque<\/strong> pour les professionnelles offre une <strong>protection<\/strong> contre les projections, lors des prestations. En <strong>plastique<\/strong>\u00a0et\u00a0<strong>r\u00e9utilisable, <\/strong>elle est <strong>anti-bou\u00e9e<\/strong>, avec un grand confort respiratoire. Ce masque est <strong>ajustable au menton<\/strong> et tr\u00e8s facile \u00e0 entretenir, n\u00e9cessitant qu&rsquo;un simple lavage \u00e0 l&rsquo;eau ti\u00e8de savonneuse. Sa dur\u00e9e de vie est jusqu&rsquo;\u00e0 4 mois.<\/p>\n<p><strong>D\u00e9lai de livraison :<br \/>\n<\/strong>3 \u00e0 5 jours apr\u00e8s validation de votre commande.<\/p>","protected":false},"excerpt":{"rendered":"<p>Le masque pour les professionnelles offre une protection contre les projections, lors des prestations. En plastique\u00a0et\u00a0r\u00e9utilisable, elle est anti-bou\u00e9e, avec un grand confort respiratoire. Ce masque est ajustable au menton et tr\u00e8s facile \u00e0 entretenir, n\u00e9cessitant qu&rsquo;un simple lavage \u00e0 l&rsquo;eau ti\u00e8de savonneuse. Sa dur\u00e9e de vie est jusqu&rsquo;\u00e0 4 mois. D\u00e9lai de livraison :&#8230;<\/p>","protected":false},"featured_media":13655,"template":"","meta":{"_kad_post_transparent":"default","_kad_post_title":"","_kad_post_layout":"default","_kad_post_sidebar_id":"","_kad_post_content_style":"default","_kad_post_vertical_padding":"default","_kad_post_feature":"","_kad_post_feature_position":"","_kad_post_header":false,"_kad_post_footer":false,"_kad_post_classname":"","_jet_sm_ready_style":"","_jet_sm_style":"","_jet_sm_controls_values":"","_jet_sm_fonts_collection":"","_jet_sm_fonts_links":""},"product_brand":[],"product_cat":[138,133,100,134],"product_tag":[],"product-course":[],"class_list":{"0":"post-8121","1":"product","2":"type-product","3":"status-publish","4":"has-post-thumbnail","6":"product_cat-liste-bd","7":"product_cat-liste-bg","8":"product_cat-liste-mb","9":"product_cat-liste-mn","11":"first","12":"instock","13":"shipping-taxable","14":"purchasable","15":"product-type-simple","16":"entry","17":"content-bg","18":"loop-entry"},"_links":{"self":[{"href":"https:\/\/linemakeup.training\/en\/wp-json\/wp\/v2\/product\/8121","targetHints":{"allow":["GET"]}}],"collection":[{"href":"https:\/\/linemakeup.training\/en\/wp-json\/wp\/v2\/product"}],"about":[{"href":"https:\/\/linemakeup.training\/en\/wp-json\/wp\/v2\/types\/product"}],"wp:featuredmedia":[{"embeddable":true,"href":"https:\/\/linemakeup.training\/en\/wp-json\/wp\/v2\/media\/13655"}],"wp:attachment":[{"href":"https:\/\/linemakeup.training\/en\/wp-json\/wp\/v2\/media?parent=8121"}],"wp:term":[{"taxonomy":"product_brand","embeddable":true,"href":"https:\/\/linemakeup.training\/en\/wp-json\/wp\/v2\/product_brand?post=8121"},{"taxonomy":"product_cat","embeddable":true,"href":"https:\/\/linemakeup.training\/en\/wp-json\/wp\/v2\/product_cat?post=8121"},{"taxonomy":"product_tag","embeddable":true,"href":"https:\/\/linemakeup.training\/en\/wp-json\/wp\/v2\/product_tag?post=8121"},{"taxonomy":"product-course","embeddable":true,"href":"https:\/\/linemakeup.training\/en\/wp-json\/wp\/v2\/product-course?post=8121"}],"curies":[{"name":"wp","href":"https:\/\/api.w.org\/{rel}","templated":true}]}}