{"id":1354,"date":"2022-04-06T17:00:08","date_gmt":"2022-04-06T15:00:08","guid":{"rendered":"https:\/\/linemakeup.training\/?product=kit-maquillage-permanent-des-levres"},"modified":"2026-04-21T14:49:47","modified_gmt":"2026-04-21T12:49:47","slug":"kit-lips","status":"publish","type":"product","link":"https:\/\/linemakeup.training\/en\/product\/kit-lips\/","title":{"rendered":"Kit Lips MakeUp"},"content":{"rendered":"<p style=\"text-align: left;\"><\/b><\/p>\n<p style=\"text-align: left;\"><\/p>\n<p><strong>List of Kit products:<\/strong><\/p>\n<p>Dermograph x1,<br \/>\nLip liner pen x1,<br \/>\nCup rings x30,<br \/>\nMicrobrushes x30,<br \/>\nDERMA needles x15,<br \/>\nSynthetic skins x2,<br \/>\nPigment EMIRE PERMANENTMAKEUP :<br \/>\nEMIRE PMU Pigment Coco Lips 10 ml x1,<br \/>\nEMIRE PMU Pigment Cossy Lips 10 ml x1,<br \/>\nEMIRE PMU Pigment Pink Lips 10 ml x1,<br \/>\nEMIRE PMU Pigment Peach Lips 10 ml x1,<br \/>\nEMIRE PMU Pigment Red Cherry Lips 10 ml x1.<\/p>\n<p style=\"text-align: left;\"><b><\/b><\/p>\n<p style=\"text-align: left;\">","protected":false},"excerpt":{"rendered":"<p>[trp_language language=\"fr_FR\"] Le Kit Lips contient le mat\u00e9riel et les produits indispensables pour d\u00e9marrer la pratique du maquillage des l\u00e8vres. Pr\u00e9vu pour 10 prestations. [\/trp_language]<span style=\"font-family: var(--global-body-font-family);\">[trp_language language=\"en_US\"]The Lips Kit contains the essential equipment and products to start the practice of lips <\/span>permanent<span style=\"font-family: var(--global-body-font-family);\"> makeup. Provided for 10 services. [\/trp_language]<\/span><\/p>\n","protected":false},"featured_media":7411,"template":"","meta":{"_kad_post_transparent":"default","_kad_post_title":"","_kad_post_layout":"default","_kad_post_sidebar_id":"","_kad_post_content_style":"default","_kad_post_vertical_padding":"default","_kad_post_feature":"","_kad_post_feature_position":"","_kad_post_header":false,"_kad_post_footer":false,"_kad_post_classname":"","_jet_sm_ready_style":"","_jet_sm_style":"","_jet_sm_controls_values":"","_jet_sm_fonts_collection":"","_jet_sm_fonts_links":""},"product_brand":[],"product_cat":[19],"product_tag":[],"product-course":[],"class_list":{"0":"post-1354","1":"product","2":"type-product","3":"status-publish","4":"has-post-thumbnail","6":"product_cat-kits","8":"first","9":"instock","10":"shipping-taxable","11":"purchasable","12":"product-type-simple","13":"entry","14":"content-bg","15":"loop-entry"},"_links":{"self":[{"href":"https:\/\/linemakeup.training\/en\/wp-json\/wp\/v2\/product\/1354","targetHints":{"allow":["GET"]}}],"collection":[{"href":"https:\/\/linemakeup.training\/en\/wp-json\/wp\/v2\/product"}],"about":[{"href":"https:\/\/linemakeup.training\/en\/wp-json\/wp\/v2\/types\/product"}],"wp:featuredmedia":[{"embeddable":true,"href":"https:\/\/linemakeup.training\/en\/wp-json\/wp\/v2\/media\/7411"}],"wp:attachment":[{"href":"https:\/\/linemakeup.training\/en\/wp-json\/wp\/v2\/media?parent=1354"}],"wp:term":[{"taxonomy":"product_brand","embeddable":true,"href":"https:\/\/linemakeup.training\/en\/wp-json\/wp\/v2\/product_brand?post=1354"},{"taxonomy":"product_cat","embeddable":true,"href":"https:\/\/linemakeup.training\/en\/wp-json\/wp\/v2\/product_cat?post=1354"},{"taxonomy":"product_tag","embeddable":true,"href":"https:\/\/linemakeup.training\/en\/wp-json\/wp\/v2\/product_tag?post=1354"},{"taxonomy":"product-course","embeddable":true,"href":"https:\/\/linemakeup.training\/en\/wp-json\/wp\/v2\/product-course?post=1354"}],"curies":[{"name":"wp","href":"https:\/\/api.w.org\/{rel}","templated":true}]}}