{"id":1352,"date":"2022-05-09T20:12:51","date_gmt":"2022-05-09T18:12:51","guid":{"rendered":"https:\/\/linemakeup.training\/?product=kit-microshading"},"modified":"2026-04-20T21:45:07","modified_gmt":"2026-04-20T19:45:07","slug":"kit-microshading","status":"publish","type":"product","link":"https:\/\/linemakeup.training\/en\/product\/kit-microshading\/","title":{"rendered":"Microshading Kit"},"content":{"rendered":"<\/p>\n<p style=\"text-align: center;\"><strong>List of products included:<br \/>\n<\/strong><\/p>\n<p style=\"text-align: center;\">Dermograph DERMA x1<br \/>\nDERMA needles x20<br \/>\nEyebrow pencil x1<br \/>\nGolden ratio x1<br \/>\nCaliper x1<br \/>\nPigment cup rings x30<br \/>\nMicrobrushes x30<br \/>\nSynthetic skins x 2<br \/>\nPigment EMIRE Black 10 ml x1<br \/>\nPigment EMIRE Black Brown 10 ml x1<br \/>\nPigment EMIRE Chocolate 10 ml x1<br \/>\nPigment EMIRE Blond 10 ml x1<\/p>\n<p style=\"text-align: center;\"><strong>\u00a0<\/strong><\/p>\n<p>","protected":false},"excerpt":{"rendered":"<p data-pm-slice=\"1 1 []\">[trp_language language=\"fr_FR\"]Le Kit Microshading contient le mat\u00e9riel et les produits indispensables pour d\u00e9marrer la pratique du microshading. Pr\u00e9vu pour 10 prestations.[\/trp_language][trp_language language=\"en_US\"]The Microshading Kit contains the essential tools and products to start practicing microshading. Designed for 10 applications.[\/trp_language]<\/p>\n","protected":false},"featured_media":7410,"template":"","meta":{"_kad_post_transparent":"default","_kad_post_title":"","_kad_post_layout":"default","_kad_post_sidebar_id":"","_kad_post_content_style":"default","_kad_post_vertical_padding":"default","_kad_post_feature":"","_kad_post_feature_position":"","_kad_post_header":false,"_kad_post_footer":false,"_kad_post_classname":"","_jet_sm_ready_style":"","_jet_sm_style":"","_jet_sm_controls_values":"","_jet_sm_fonts_collection":"","_jet_sm_fonts_links":""},"product_brand":[],"product_cat":[19],"product_tag":[],"product-course":[],"class_list":{"0":"post-1352","1":"product","2":"type-product","3":"status-publish","4":"has-post-thumbnail","6":"product_cat-kits","8":"first","9":"instock","10":"virtual","11":"purchasable","12":"product-type-simple","13":"entry","14":"content-bg","15":"loop-entry"},"_links":{"self":[{"href":"https:\/\/linemakeup.training\/en\/wp-json\/wp\/v2\/product\/1352","targetHints":{"allow":["GET"]}}],"collection":[{"href":"https:\/\/linemakeup.training\/en\/wp-json\/wp\/v2\/product"}],"about":[{"href":"https:\/\/linemakeup.training\/en\/wp-json\/wp\/v2\/types\/product"}],"wp:featuredmedia":[{"embeddable":true,"href":"https:\/\/linemakeup.training\/en\/wp-json\/wp\/v2\/media\/7410"}],"wp:attachment":[{"href":"https:\/\/linemakeup.training\/en\/wp-json\/wp\/v2\/media?parent=1352"}],"wp:term":[{"taxonomy":"product_brand","embeddable":true,"href":"https:\/\/linemakeup.training\/en\/wp-json\/wp\/v2\/product_brand?post=1352"},{"taxonomy":"product_cat","embeddable":true,"href":"https:\/\/linemakeup.training\/en\/wp-json\/wp\/v2\/product_cat?post=1352"},{"taxonomy":"product_tag","embeddable":true,"href":"https:\/\/linemakeup.training\/en\/wp-json\/wp\/v2\/product_tag?post=1352"},{"taxonomy":"product-course","embeddable":true,"href":"https:\/\/linemakeup.training\/en\/wp-json\/wp\/v2\/product-course?post=1352"}],"curies":[{"name":"wp","href":"https:\/\/api.w.org\/{rel}","templated":true}]}}