{"id":1350,"date":"2023-04-10T15:27:59","date_gmt":"2023-04-10T13:27:59","guid":{"rendered":"https:\/\/linemakeup.training\/?product=eye-liner"},"modified":"2025-05-21T13:07:11","modified_gmt":"2025-05-21T11:07:11","slug":"eye-liner","status":"publish","type":"product","link":"https:\/\/linemakeup.training\/en\/product\/eye-liner\/","title":{"rendered":"Eye Liner Course"},"content":{"rendered":"<p><span style=\"font-weight: 400;\"><\/p>\n<\/p>\n<p>Explore in the Eyeliner Training the dermograph, needles, pigments, and eyelid micropigmentation with natural or powdered effect.<\/p>\n<p><div style=\"width: 1280px;\" class=\"wp-video\"><video class=\"wp-video-shortcode\" id=\"video-1350-1\" width=\"1280\" height=\"720\" poster=\"https:\/\/linemakeup.training\/wp-content\/uploads\/2023\/Teaser-Formation-eyeliner.jpg\" preload=\"metadata\" controls=\"controls\"><source type=\"video\/mp4\" src=\"https:\/\/linemakeup.training\/wp-content\/uploads\/2023\/Linemakeup-video-de-presentation-formation-eye-liner-en-ligne.mp4?_=1\" \/><a href=\"https:\/\/linemakeup.training\/wp-content\/uploads\/2023\/Linemakeup-video-de-presentation-formation-eye-liner-en-ligne.mp4\">https:\/\/linemakeup.training\/wp-content\/uploads\/2023\/Linemakeup-video-de-presentation-formation-eye-liner-en-ligne.mp4<\/a><\/video><\/div><\/p>\n<p>Course Certificate: Yes<br \/>\nDuration: 3 hours<br \/>\nNumber of lessons: 8<\/p>\n<p>This Course contains the lessons:<\/p>\n<ol>\n<li>Dermograph<\/li>\n<li>Settings<\/li>\n<li>Needles<\/li>\n<li>Preparation<\/li>\n<li>Lower line<\/li>\n<li>Upper line<\/li>\n<li>Natural effect<\/li>\n<li>Powder effect<\/li>\n<\/ol>\n<p data-pm-slice=\"1 1 &#091;&#093;\">Online Certificate upon completion of the\u00a0Course.<\/p>\n<p>The Eye Liner Course KIT included contains the Course + the Kit:<\/p>\n<p>Set of 2 Pigments EMIRE Chocolat, Black x1,<br \/>\nDERMA Dermograph x1,<br \/>\nDERMA needles x20,<br \/>\nEye-liner pen x1,<br \/>\nPigment ring x30,<br \/>\nMicrobrushes x20,<br \/>\nSynthetic skin x2.<\/p>\n<p>","protected":false},"excerpt":{"rendered":"<p><span style=\"font-weight: 400;\">D\u00e9couvrez dans l&rsquo;Eye-liner la micropigmentation des paupi\u00e8res avec effet naturel ou poudr\u00e9 &#8230;<\/span><\/p>","protected":false},"featured_media":2297,"template":"","meta":{"_kad_post_transparent":"default","_kad_post_title":"","_kad_post_layout":"default","_kad_post_sidebar_id":"","_kad_post_content_style":"default","_kad_post_vertical_padding":"default","_kad_post_feature":"","_kad_post_feature_position":"","_kad_post_header":false,"_kad_post_footer":false,"_kad_post_classname":"","_jet_sm_ready_style":"","_jet_sm_style":"","_jet_sm_controls_values":"","_jet_sm_fonts_collection":"","_jet_sm_fonts_links":""},"product_brand":[],"product_cat":[153,114,18],"product_tag":[],"product-course":[],"class_list":{"0":"post-1350","1":"product","2":"type-product","3":"status-publish","4":"has-post-thumbnail","6":"product_cat-cours","7":"product_cat-formations","8":"product_cat-maquillage-permanent","10":"first","11":"instock","12":"shipping-taxable","13":"purchasable","14":"product-type-simple","15":"entry","16":"content-bg","17":"loop-entry"},"_links":{"self":[{"href":"https:\/\/linemakeup.training\/en\/wp-json\/wp\/v2\/product\/1350","targetHints":{"allow":["GET"]}}],"collection":[{"href":"https:\/\/linemakeup.training\/en\/wp-json\/wp\/v2\/product"}],"about":[{"href":"https:\/\/linemakeup.training\/en\/wp-json\/wp\/v2\/types\/product"}],"wp:featuredmedia":[{"embeddable":true,"href":"https:\/\/linemakeup.training\/en\/wp-json\/wp\/v2\/media\/2297"}],"wp:attachment":[{"href":"https:\/\/linemakeup.training\/en\/wp-json\/wp\/v2\/media?parent=1350"}],"wp:term":[{"taxonomy":"product_brand","embeddable":true,"href":"https:\/\/linemakeup.training\/en\/wp-json\/wp\/v2\/product_brand?post=1350"},{"taxonomy":"product_cat","embeddable":true,"href":"https:\/\/linemakeup.training\/en\/wp-json\/wp\/v2\/product_cat?post=1350"},{"taxonomy":"product_tag","embeddable":true,"href":"https:\/\/linemakeup.training\/en\/wp-json\/wp\/v2\/product_tag?post=1350"},{"taxonomy":"product-course","embeddable":true,"href":"https:\/\/linemakeup.training\/en\/wp-json\/wp\/v2\/product-course?post=1350"}],"curies":[{"name":"wp","href":"https:\/\/api.w.org\/{rel}","templated":true}]}}