{"id":1346,"date":"2023-04-10T15:28:01","date_gmt":"2023-04-10T13:28:01","guid":{"rendered":"https:\/\/linemakeup.training\/?product=detatouage"},"modified":"2025-05-21T13:07:11","modified_gmt":"2025-05-21T11:07:11","slug":"detatouage","status":"publish","type":"product","link":"https:\/\/linemakeup.training\/en\/product\/detatouage\/","title":{"rendered":"Tattoo removal Course"},"content":{"rendered":"<p><span style=\"font-weight: 400;\">Lors de la Formation vous d\u00e9couvrirez comment r\u00e9aliser un D\u00e9tatouage cosm\u00e9tique, les produits et le traitement adapt\u00e9 pour enlever les tatouages existants.<\/span><span style=\"font-weight: 400;\"><br \/>\n<\/span><span style=\"font-weight: 400;\">R\u00e9alisez la pratique sur 3 mod\u00e8les avec le suivi des formatrices 5 jrs\/7.<\/span><\/p>\n<p style=\"text-align: center;\">[videopack id=\u00a0\u00bb5061&Prime;]https:\/\/linemakeup.training\/wp-content\/uploads\/2023\/Linemakeup-video-de-presentation-formation-d\u00e9tatouage-en-ligne.mp4[\/videopack]<\/p>\n<p style=\"text-align: left;\"><span style=\"font-weight: 400;\">Formation Certifiante : Oui<br \/>\nDur\u00e9e : 6h00<br \/>\nNombre de le\u00e7ons : 3<\/span><\/p>\n<p><span style=\"font-weight: 400;\">Ce cours contient les le\u00e7ons :<br \/>\n<\/span><span style=\"font-weight: 400;\"><br \/>\n<\/span><span style=\"font-weight: 400;\">1. Le dermographe<\/span><span style=\"font-family: var(--global-body-font-family);\"><br \/>\n<\/span><span style=\"font-family: var(--global-body-font-family);\">2. Le D\u00e9tatouage sur mod\u00e8le<br \/>\n<\/span><span style=\"font-family: var(--global-body-font-family);\">7. La Pratique<\/span><\/p>\n<p>Obtention du Certificat en ligne.<\/p>\n<p>La Formation D\u00e9tatouage KIT inclus contient la Formation + le Kit :<\/p>\n<p>Dermographe DERMA x1<br \/>\nAiguilles x10<br \/>\nGel de d\u00e9tatouage x1<br \/>\nHuile r\u00e9paratrice x1<\/p>\n","protected":false},"excerpt":{"rendered":"<p><span style=\"font-weight: 400;\">Visualiser la r\u00e9alisation d&rsquo;un D\u00e9tatouage cosm\u00e9tique pour enlever les tatouages existants&#8230;<\/span><\/p>","protected":false},"featured_media":2085,"template":"","meta":{"_kad_post_transparent":"default","_kad_post_title":"","_kad_post_layout":"default","_kad_post_sidebar_id":"","_kad_post_content_style":"default","_kad_post_vertical_padding":"default","_kad_post_feature":"","_kad_post_feature_position":"","_kad_post_header":false,"_kad_post_footer":false,"_kad_post_classname":"","_jet_sm_ready_style":"","_jet_sm_style":"","_jet_sm_controls_values":"","_jet_sm_fonts_collection":"","_jet_sm_fonts_links":""},"product_brand":[],"product_cat":[153,114,18],"product_tag":[],"product-course":[],"class_list":{"0":"post-1346","1":"product","2":"type-product","3":"status-publish","4":"has-post-thumbnail","6":"product_cat-cours","7":"product_cat-formations","8":"product_cat-maquillage-permanent","10":"first","11":"instock","12":"shipping-taxable","13":"purchasable","14":"product-type-simple","15":"entry","16":"content-bg","17":"loop-entry"},"_links":{"self":[{"href":"https:\/\/linemakeup.training\/en\/wp-json\/wp\/v2\/product\/1346","targetHints":{"allow":["GET"]}}],"collection":[{"href":"https:\/\/linemakeup.training\/en\/wp-json\/wp\/v2\/product"}],"about":[{"href":"https:\/\/linemakeup.training\/en\/wp-json\/wp\/v2\/types\/product"}],"wp:featuredmedia":[{"embeddable":true,"href":"https:\/\/linemakeup.training\/en\/wp-json\/wp\/v2\/media\/2085"}],"wp:attachment":[{"href":"https:\/\/linemakeup.training\/en\/wp-json\/wp\/v2\/media?parent=1346"}],"wp:term":[{"taxonomy":"product_brand","embeddable":true,"href":"https:\/\/linemakeup.training\/en\/wp-json\/wp\/v2\/product_brand?post=1346"},{"taxonomy":"product_cat","embeddable":true,"href":"https:\/\/linemakeup.training\/en\/wp-json\/wp\/v2\/product_cat?post=1346"},{"taxonomy":"product_tag","embeddable":true,"href":"https:\/\/linemakeup.training\/en\/wp-json\/wp\/v2\/product_tag?post=1346"},{"taxonomy":"product-course","embeddable":true,"href":"https:\/\/linemakeup.training\/en\/wp-json\/wp\/v2\/product-course?post=1346"}],"curies":[{"name":"wp","href":"https:\/\/api.w.org\/{rel}","templated":true}]}}