{"id":1342,"date":"2023-04-10T15:28:02","date_gmt":"2023-04-10T13:28:02","guid":{"rendered":"https:\/\/linemakeup.training\/?product=microneedling"},"modified":"2025-05-21T13:07:11","modified_gmt":"2025-05-21T11:07:11","slug":"microneedling","status":"publish","type":"product","link":"https:\/\/linemakeup.training\/en\/product\/microneedling\/","title":{"rendered":"Formation Microneedling"},"content":{"rendered":"<p><span style=\"font-weight: 400;\"><\/p>\n<\/p>\n<p>With the Microneedling Course you learn how to use the pen, adapt the depth of the needle, know the serums and applications on the face.<br \/>\nPractice on 2 models with instructor supervision, 5 days a week.<\/p>\n<p><div style=\"width: 720px;\" class=\"wp-video\"><video class=\"wp-video-shortcode\" id=\"video-1342-1\" width=\"720\" height=\"410\" poster=\"https:\/\/linemakeup.training\/wp-content\/uploads\/2023\/Teaser-Formation-MICRONEEDLING.jpg\" preload=\"metadata\" controls=\"controls\"><source type=\"video\/mp4\" src=\"https:\/\/linemakeup.training\/wp-content\/uploads\/2023\/Linemakeup-video-de-presentation-formation-microneedling-en-ligne.mp4?_=1\" \/><a href=\"https:\/\/linemakeup.training\/wp-content\/uploads\/2023\/Linemakeup-video-de-presentation-formation-microneedling-en-ligne.mp4\">https:\/\/linemakeup.training\/wp-content\/uploads\/2023\/Linemakeup-video-de-presentation-formation-microneedling-en-ligne.mp4<\/a><\/video><\/div><\/p>\n<p>Course Certificate: Yes<br \/>\nDuration: 3 hours<br \/>\nNumber of lessons: 11<\/p>\n<p>This Course contains the lessons:<\/p>\n<p data-pm-slice=\"1 1 &#091;&#093;\">1. The pen<br \/>\n2. Presentation<br \/>\n3. Skin preparation<br \/>\n4. Demo Cheeks<br \/>\n5. Demo Eye<br \/>\n6. Demo Upper Lip<br \/>\n7. Demo Chin<br \/>\n8. Demo Forehead<br \/>\n9. Demo Nose<br \/>\n10. Demo Neck<br \/>\n11. Skin cleansing<\/p>\n<p>Online Certificate upon completion of the Course.<\/p>\n<p>The Microneedling Course KIT included contains the Course + the Kit:<\/p>\n<p>Microneedling Pen x1<br \/>\nNeedle x10<br \/>\nSerums 30 ml x2<br \/>\nSilicone spatula x1<br \/>\nCleaning sponges x2<\/p>\n<p>","protected":false},"excerpt":{"rendered":"<p><span style=\"font-weight: 400;\">Conna\u00eetre le traitement adapt\u00e9 pour les ridules, les t\u00e2ches d&rsquo;hyperpigmentation, les pores&#8230;<\/span><\/p>","protected":false},"featured_media":5110,"template":"","meta":{"_kad_post_transparent":"default","_kad_post_title":"","_kad_post_layout":"default","_kad_post_sidebar_id":"","_kad_post_content_style":"default","_kad_post_vertical_padding":"default","_kad_post_feature":"","_kad_post_feature_position":"","_kad_post_header":false,"_kad_post_footer":false,"_kad_post_classname":"","_jet_sm_ready_style":"","_jet_sm_style":"","_jet_sm_controls_values":"","_jet_sm_fonts_collection":"","_jet_sm_fonts_links":""},"product_brand":[],"product_cat":[153,114,26],"product_tag":[],"product-course":[],"class_list":{"0":"post-1342","1":"product","2":"type-product","3":"status-publish","4":"has-post-thumbnail","6":"product_cat-cours","7":"product_cat-formations","8":"product_cat-soins","10":"first","11":"instock","12":"shipping-taxable","13":"purchasable","14":"product-type-simple","15":"entry","16":"content-bg","17":"loop-entry"},"_links":{"self":[{"href":"https:\/\/linemakeup.training\/en\/wp-json\/wp\/v2\/product\/1342","targetHints":{"allow":["GET"]}}],"collection":[{"href":"https:\/\/linemakeup.training\/en\/wp-json\/wp\/v2\/product"}],"about":[{"href":"https:\/\/linemakeup.training\/en\/wp-json\/wp\/v2\/types\/product"}],"wp:featuredmedia":[{"embeddable":true,"href":"https:\/\/linemakeup.training\/en\/wp-json\/wp\/v2\/media\/5110"}],"wp:attachment":[{"href":"https:\/\/linemakeup.training\/en\/wp-json\/wp\/v2\/media?parent=1342"}],"wp:term":[{"taxonomy":"product_brand","embeddable":true,"href":"https:\/\/linemakeup.training\/en\/wp-json\/wp\/v2\/product_brand?post=1342"},{"taxonomy":"product_cat","embeddable":true,"href":"https:\/\/linemakeup.training\/en\/wp-json\/wp\/v2\/product_cat?post=1342"},{"taxonomy":"product_tag","embeddable":true,"href":"https:\/\/linemakeup.training\/en\/wp-json\/wp\/v2\/product_tag?post=1342"},{"taxonomy":"product-course","embeddable":true,"href":"https:\/\/linemakeup.training\/en\/wp-json\/wp\/v2\/product-course?post=1342"}],"curies":[{"name":"wp","href":"https:\/\/api.w.org\/{rel}","templated":true}]}}