{"id":1336,"date":"2023-04-10T15:28:05","date_gmt":"2023-04-10T13:28:05","guid":{"rendered":"https:\/\/linemakeup.training\/?product=plasma-lift"},"modified":"2025-05-21T13:07:11","modified_gmt":"2025-05-21T11:07:11","slug":"plasma-lift","status":"publish","type":"product","link":"https:\/\/linemakeup.training\/en\/product\/plasma-lift\/","title":{"rendered":"Formation Plasma lift"},"content":{"rendered":"<p style=\"text-align: left;\"><span style=\"font-weight: 400;\">Dans la Formation Plasma Lift vous d\u00e9couvrirez la technique des points de chaleur effet anti-\u00e2ge pour les zones labio-mentonni\u00e8re et orbitaire du visage.<\/span><br \/>\n<span style=\"font-family: var(--global-body-font-family);\">R\u00e9alisez la pratique sur 2 mod\u00e8les avec le suivi des formatrices 5 jrs\/7.<\/span><\/p>\n<p style=\"text-align: center;\">[videopack id=\u00a0\u00bb18523&Prime;]https:\/\/linemakeup.com\/wp-content\/uploads\/2023\/04\/Linemakeup-video-de-presentation-formation-plasma-lift-en-ligne.mp4[\/videopack]<\/p>\n<p style=\"text-align: left;\"><span style=\"text-align: left; font-family: var(--global-body-font-family);\">Formation Certifiante : Oui<br \/>\n<\/span><span style=\"text-align: left; font-family: var(--global-body-font-family);\">Dur\u00e9e : 2h00<br \/>\n<\/span><span style=\"font-family: var(--global-body-font-family);\">Nombre de le\u00e7ons : 3<\/span><\/p>\n<div class=\"\" data-block=\"true\" data-editor=\"5ipdn\" data-offset-key=\"dpp3-0-0\">\n<div class=\"_1mf _1mj\" style=\"text-align: center;\" data-offset-key=\"dpp3-0-0\">\n<p style=\"text-align: left;\">Ce cours contient les le\u00e7ons :<\/p>\n<p style=\"text-align: left;\">1. Le stylo<br \/>\n2. Le Plasma lift \u00a0sur mod\u00e8le en r\u00e9gion labio-mentonni\u00e8re<br \/>\n3, Le Plasma lift \u00a0sur mod\u00e8le en r\u00e9gion orbitaire<br \/>\n4. La Pratique<\/p>\n<p style=\"text-align: left;\">Obtention du Certificat en ligne.<\/p>\n<p style=\"text-align: left;\">La Formation Plasma Lift KIT inclus contient la Formation + le Kit :<\/p>\n<p style=\"text-align: left;\">Stylo Plasma Pen x 1<br \/>\nAiguilles x 20<\/p>\n<\/div>\n<\/div>\n","protected":false},"excerpt":{"rendered":"<p><span style=\"font-weight: 400;\">Vous d\u00e9couvrirez la technique des points de chaleur effet anti-\u00e2ge pour les zones orbitaire &#8230;<\/span><\/p>","protected":false},"featured_media":5111,"template":"","meta":{"_kad_post_transparent":"default","_kad_post_title":"","_kad_post_layout":"default","_kad_post_sidebar_id":"","_kad_post_content_style":"default","_kad_post_vertical_padding":"default","_kad_post_feature":"","_kad_post_feature_position":"","_kad_post_header":false,"_kad_post_footer":false,"_kad_post_classname":"","_jet_sm_ready_style":"","_jet_sm_style":"","_jet_sm_controls_values":"","_jet_sm_fonts_collection":"","_jet_sm_fonts_links":""},"product_brand":[],"product_cat":[153,114,26],"product_tag":[],"product-course":[],"class_list":{"0":"post-1336","1":"product","2":"type-product","3":"status-publish","4":"has-post-thumbnail","6":"product_cat-cours","7":"product_cat-formations","8":"product_cat-soins","10":"first","11":"instock","12":"shipping-taxable","13":"purchasable","14":"product-type-simple","15":"entry","16":"content-bg","17":"loop-entry"},"_links":{"self":[{"href":"https:\/\/linemakeup.training\/en\/wp-json\/wp\/v2\/product\/1336","targetHints":{"allow":["GET"]}}],"collection":[{"href":"https:\/\/linemakeup.training\/en\/wp-json\/wp\/v2\/product"}],"about":[{"href":"https:\/\/linemakeup.training\/en\/wp-json\/wp\/v2\/types\/product"}],"wp:featuredmedia":[{"embeddable":true,"href":"https:\/\/linemakeup.training\/en\/wp-json\/wp\/v2\/media\/5111"}],"wp:attachment":[{"href":"https:\/\/linemakeup.training\/en\/wp-json\/wp\/v2\/media?parent=1336"}],"wp:term":[{"taxonomy":"product_brand","embeddable":true,"href":"https:\/\/linemakeup.training\/en\/wp-json\/wp\/v2\/product_brand?post=1336"},{"taxonomy":"product_cat","embeddable":true,"href":"https:\/\/linemakeup.training\/en\/wp-json\/wp\/v2\/product_cat?post=1336"},{"taxonomy":"product_tag","embeddable":true,"href":"https:\/\/linemakeup.training\/en\/wp-json\/wp\/v2\/product_tag?post=1336"},{"taxonomy":"product-course","embeddable":true,"href":"https:\/\/linemakeup.training\/en\/wp-json\/wp\/v2\/product-course?post=1336"}],"curies":[{"name":"wp","href":"https:\/\/api.w.org\/{rel}","templated":true}]}}