{"id":1330,"date":"2023-04-10T15:28:07","date_gmt":"2023-04-10T13:28:07","guid":{"rendered":"https:\/\/linemakeup.training\/?product=vernis-semi-permanent"},"modified":"2025-05-21T13:07:10","modified_gmt":"2025-05-21T11:07:10","slug":"vernis-semi-permanent","status":"publish","type":"product","link":"https:\/\/linemakeup.training\/en\/product\/vernis-semi-permanent\/","title":{"rendered":"Formation Vernis semi permanent"},"content":{"rendered":"<div class=\"\" data-block=\"true\" data-editor=\"5ipdn\" data-offset-key=\"dpp3-0-0\">\n<div class=\"_1mf _1mj\" style=\"text-align: center;\" data-offset-key=\"dpp3-0-0\">\n<p style=\"text-align: left;\"><span style=\"font-weight: 400;\">Apprenez avec la Formation Vernis semi-permanent la pose avec la lampe UV ou LED, en suivant les \u00e9tapes de catalysation et la d\u00e9pose du vernis avec les papillotes. <\/span><span style=\"font-weight: 400;\"><br \/>\n<\/span><span style=\"font-weight: 400;\">R\u00e9alisez la pratique sur 2 mod\u00e8les avec le suivi des formatrices 5 jrs\/7.<\/span><\/p>\n<p style=\"text-align: center;\">[videopack id=\u00a0\u00bb18524&Prime;]https:\/\/linemakeup.com\/wp-content\/uploads\/2023\/04\/Linemakeup-video-de-presentation-formation-vernis-semi-permanent-en-ligne.mp4[\/videopack]<\/p>\n<p style=\"text-align: left;\">Formation Certifiante : Oui<br \/>\nDur\u00e9e : 5h00<br \/>\nNombre de le\u00e7ons : 3<\/p>\n<p style=\"text-align: left;\">Ce cours contient :<\/p>\n<p style=\"text-align: left;\">1. La pose de vernis semi-permanent<br \/>\n2. La d\u00e9pose de vernis semi-permanent<br \/>\n3. La Pratique<\/p>\n<p style=\"text-align: left;\">Obtention du Certificat en ligne.<\/p>\n<p style=\"text-align: left;\">La <span style=\"font-weight: 400;\">Formation Vernis semi-permanent <\/span> KIT inclus contient la Formation + le Kit :<\/p>\n<p style=\"text-align: left;\">Lampe UV\/LED x1<br \/>\nVSP color\u00e9s x6<br \/>\nGel Base x1<br \/>\nTop Coat x1<br \/>\nPrimer Sans Acide x1<br \/>\nHuile de cuticules x1<br \/>\nCleaner x1<br \/>\nDissolvant Ac\u00e9tone x1<br \/>\nLimes x2<br \/>\nBloc polissoir x1<br \/>\nPinces \u00e0 d\u00e9pose x5<br \/>\nRepousse cuticules x1<br \/>\nBrosse D\u00e9poussi\u00e9rante x1<br \/>\nCoupe cuticules plastique x1<\/p>\n<\/div>\n<\/div>\n","protected":false},"excerpt":{"rendered":"<p>Apprenez avec la Formation Vernis semi-permanent la pose avec la lampe UV ou LED, en suivant les \u00e9tapes de catalysation et la d\u00e9pose du vernis avec les papillotes. R\u00e9alisez la pratique sur 2 mod\u00e8les avec le suivi des formatrices 5 jrs\/7. [videopack id=\u00a0\u00bb18524&Prime;]https:\/\/linemakeup.com\/wp-content\/uploads\/2023\/04\/Linemakeup-video-de-presentation-formation-vernis-semi-permanent-en-ligne.mp4[\/videopack] Formation Certifiante : Oui Dur\u00e9e : 5h00 Nombre de le\u00e7ons : 3&#8230;<\/p>\n","protected":false},"featured_media":5116,"template":"","meta":{"_kad_post_transparent":"default","_kad_post_title":"","_kad_post_layout":"default","_kad_post_sidebar_id":"","_kad_post_content_style":"default","_kad_post_vertical_padding":"default","_kad_post_feature":"","_kad_post_feature_position":"","_kad_post_header":false,"_kad_post_footer":false,"_kad_post_classname":"","_jet_sm_ready_style":"","_jet_sm_style":"","_jet_sm_controls_values":"","_jet_sm_fonts_collection":"","_jet_sm_fonts_links":""},"product_brand":[],"product_cat":[153,25],"product_tag":[],"product-course":[],"class_list":{"0":"post-1330","1":"product","2":"type-product","3":"status-publish","4":"has-post-thumbnail","6":"product_cat-cours","7":"product_cat-onglerie","9":"first","10":"instock","11":"shipping-taxable","12":"purchasable","13":"product-type-simple","14":"entry","15":"content-bg","16":"loop-entry"},"_links":{"self":[{"href":"https:\/\/linemakeup.training\/en\/wp-json\/wp\/v2\/product\/1330","targetHints":{"allow":["GET"]}}],"collection":[{"href":"https:\/\/linemakeup.training\/en\/wp-json\/wp\/v2\/product"}],"about":[{"href":"https:\/\/linemakeup.training\/en\/wp-json\/wp\/v2\/types\/product"}],"wp:featuredmedia":[{"embeddable":true,"href":"https:\/\/linemakeup.training\/en\/wp-json\/wp\/v2\/media\/5116"}],"wp:attachment":[{"href":"https:\/\/linemakeup.training\/en\/wp-json\/wp\/v2\/media?parent=1330"}],"wp:term":[{"taxonomy":"product_brand","embeddable":true,"href":"https:\/\/linemakeup.training\/en\/wp-json\/wp\/v2\/product_brand?post=1330"},{"taxonomy":"product_cat","embeddable":true,"href":"https:\/\/linemakeup.training\/en\/wp-json\/wp\/v2\/product_cat?post=1330"},{"taxonomy":"product_tag","embeddable":true,"href":"https:\/\/linemakeup.training\/en\/wp-json\/wp\/v2\/product_tag?post=1330"},{"taxonomy":"product-course","embeddable":true,"href":"https:\/\/linemakeup.training\/en\/wp-json\/wp\/v2\/product-course?post=1330"}],"curies":[{"name":"wp","href":"https:\/\/api.w.org\/{rel}","templated":true}]}}