{"id":1326,"date":"2023-04-10T15:28:09","date_gmt":"2023-04-10T13:28:09","guid":{"rendered":"https:\/\/linemakeup.training\/?product=gel-capsules"},"modified":"2025-05-21T13:07:10","modified_gmt":"2025-05-21T11:07:10","slug":"gel-capsules","status":"publish","type":"product","link":"https:\/\/linemakeup.training\/en\/product\/gel-capsules\/","title":{"rendered":"Formation Gel Capsules"},"content":{"rendered":"<div class=\"\" data-block=\"true\" data-editor=\"5ipdn\" data-offset-key=\"dpp3-0-0\">\n<div class=\"_1mf _1mj\" style=\"text-align: center;\" data-offset-key=\"dpp3-0-0\">\n<p style=\"text-align: left;\"><span style=\"font-weight: 400;\">Apprenez avec la Formation Gel Capsules comment pr\u00e9parer et coller les capsules et la r\u00e9alisation du bomb\u00e9 en gel, pour avoir un rendu uniforme, lisse et fin.<\/span><span style=\"font-weight: 400;\"><br \/>\n<\/span><span style=\"font-weight: 400;\">R\u00e9alisez la pratique sur 2 mod\u00e8les avec le suivi des formatrices 5 jrs\/7.<\/span><\/p>\n<p style=\"text-align: center;\">[videopack id=\u00a0\u00bb18530&Prime;]https:\/\/linemakeup.com\/wp-content\/uploads\/2023\/04\/Linemakeup-video-de-presentation-formation-gel-capsules-en-ligne.mp4[\/videopack]<\/p>\n<p style=\"text-align: left;\">Formation Certifiante : Oui<br \/>\nDur\u00e9e : 5h00<br \/>\nNombre de le\u00e7ons : 4<\/p>\n<p style=\"text-align: left;\">Ce cours contient les le\u00e7ons :<\/p>\n<p style=\"text-align: left;\">1. La pose des capsules<br \/>\n2. La d\u00e9pose du gel<br \/>\n3. Le remplissage<br \/>\n4. La Pratique<\/p>\n<p style=\"text-align: left;\">Obtention du Certificat en ligne.<\/p>\n<p style=\"text-align: left;\">La Formation Gel Capsules KIT inclus contient la Formation + le Kit :<\/p>\n<p style=\"text-align: left;\">Lampe UV\/LED x1<br \/>\nGels de construction x2<br \/>\nPrimer x1<br \/>\nTop coat x1<br \/>\nHuile de cuticules x1<br \/>\nColle Faux ongles x1<br \/>\nCleaner x1<br \/>\nLimes x2<br \/>\nBloc polissoir x1<br \/>\nBloc Cotons Pads x1<br \/>\nBo\u00eete Capsules x1<br \/>\nPince guillotine x1<br \/>\nPinceau Gel x1<br \/>\nPinceau Liner x1<br \/>\nBrosse D\u00e9poussi\u00e9rante x1<br \/>\nB\u00e2tonnets de bois x10<br \/>\nCoupe cuticules plastique x1<\/p>\n<\/div>\n<\/div>\n","protected":false},"excerpt":{"rendered":"<p><span style=\"font-weight: 400;\">Vous saurez comment pr\u00e9parer et coller les capsules, r\u00e9aliser le bomb\u00e9 en gel, pour &#8230;<\/span><\/p>","protected":false},"featured_media":5114,"template":"","meta":{"_kad_post_transparent":"default","_kad_post_title":"","_kad_post_layout":"default","_kad_post_sidebar_id":"","_kad_post_content_style":"default","_kad_post_vertical_padding":"default","_kad_post_feature":"","_kad_post_feature_position":"","_kad_post_header":false,"_kad_post_footer":false,"_kad_post_classname":"","_jet_sm_ready_style":"","_jet_sm_style":"","_jet_sm_controls_values":"","_jet_sm_fonts_collection":"","_jet_sm_fonts_links":""},"product_brand":[],"product_cat":[153,114,25],"product_tag":[],"product-course":[],"class_list":{"0":"post-1326","1":"product","2":"type-product","3":"status-publish","4":"has-post-thumbnail","6":"product_cat-cours","7":"product_cat-formations","8":"product_cat-onglerie","10":"first","11":"instock","12":"shipping-taxable","13":"purchasable","14":"product-type-simple","15":"entry","16":"content-bg","17":"loop-entry"},"_links":{"self":[{"href":"https:\/\/linemakeup.training\/en\/wp-json\/wp\/v2\/product\/1326","targetHints":{"allow":["GET"]}}],"collection":[{"href":"https:\/\/linemakeup.training\/en\/wp-json\/wp\/v2\/product"}],"about":[{"href":"https:\/\/linemakeup.training\/en\/wp-json\/wp\/v2\/types\/product"}],"wp:featuredmedia":[{"embeddable":true,"href":"https:\/\/linemakeup.training\/en\/wp-json\/wp\/v2\/media\/5114"}],"wp:attachment":[{"href":"https:\/\/linemakeup.training\/en\/wp-json\/wp\/v2\/media?parent=1326"}],"wp:term":[{"taxonomy":"product_brand","embeddable":true,"href":"https:\/\/linemakeup.training\/en\/wp-json\/wp\/v2\/product_brand?post=1326"},{"taxonomy":"product_cat","embeddable":true,"href":"https:\/\/linemakeup.training\/en\/wp-json\/wp\/v2\/product_cat?post=1326"},{"taxonomy":"product_tag","embeddable":true,"href":"https:\/\/linemakeup.training\/en\/wp-json\/wp\/v2\/product_tag?post=1326"},{"taxonomy":"product-course","embeddable":true,"href":"https:\/\/linemakeup.training\/en\/wp-json\/wp\/v2\/product-course?post=1326"}],"curies":[{"name":"wp","href":"https:\/\/api.w.org\/{rel}","templated":true}]}}