{"id":1324,"date":"2023-04-10T15:28:10","date_gmt":"2023-04-10T13:28:10","guid":{"rendered":"https:\/\/linemakeup.training\/?product=cil-a-cil"},"modified":"2025-05-21T13:07:10","modified_gmt":"2025-05-21T11:07:10","slug":"cil-a-cil","status":"publish","type":"product","link":"https:\/\/linemakeup.training\/en\/product\/cil-a-cil\/","title":{"rendered":"Formation Cil \u00e0 Cil"},"content":{"rendered":"<p style=\"text-align: left;\"><span style=\"font-weight: 400;\">Apprenez avec la Formation Cil \u00e0 cil la pose d&rsquo;extensions de cils, les diff\u00e9rentes longueurs et courbures, la tenue des pinces \u00e0 cils et l&rsquo;utilisation de la colle.\u00a0<\/span><span style=\"font-weight: 400;\"><br \/>\n<\/span><span style=\"font-weight: 400;\">R\u00e9alisez la pratique sur 2 mod\u00e8les avec le suivi des formatrices 5 jrs\/7.<\/span><\/p>\n<p style=\"text-align: center;\">[videopack id=\u00a0\u00bb18522&Prime;]https:\/\/linemakeup.com\/wp-content\/uploads\/2023\/04\/Video-de-presentation-formation-cil-a-cil-en-ligne.mp4[\/videopack]<\/p>\n<p style=\"text-align: left;\">Formation Certifiante : Oui<br \/>\nDur\u00e9e : 3h00<br \/>\nNombre de le\u00e7ons : 3<\/p>\n<p style=\"text-align: left;\">Ce cours contient les le\u00e7ons :<\/p>\n<p style=\"text-align: left;\">1. La pose d&rsquo;extensions cil \u00e0 cil<br \/>\n2. La d\u00e9pose d&rsquo;extensions cil \u00e0 cil<br \/>\n3. La Pratique<\/p>\n<p style=\"text-align: left;\">Obtention du Certificat en ligne.<\/p>\n<p>La Formation Cil \u00e0 cil KIT inclus contient la Formation + le Kit :<\/p>\n<p style=\"text-align: left;\">Pince courb\u00e9e x1<br \/>\nPince droite L x1<br \/>\nColle x1<br \/>\n<span style=\"font-family: var(--global-body-font-family);\">Primer x 1<br \/>\n<\/span><span style=\"font-family: var(--global-body-font-family);\">Remover x1<br \/>\n<\/span><span style=\"font-family: var(--global-body-font-family);\">Microbrossettes x100<br \/>\n<\/span><span style=\"font-family: var(--global-body-font-family);\">Patch x20<br \/>\n<\/span><span style=\"font-family: var(--global-body-font-family);\">Bagues \u00e0 colle x20<br \/>\n<\/span><span style=\"font-family: var(--global-body-font-family);\">Pad en silicone x1<br \/>\n<\/span><span style=\"font-family: var(--global-body-font-family);\">Sparadrap x1<br \/>\n<\/span><span style=\"font-family: var(--global-body-font-family);\">Brosse cils x10<br \/>\n<\/span><span style=\"font-family: var(--global-body-font-family);\">Soufflet x1<br \/>\n<\/span><span style=\"font-family: var(--global-body-font-family);\">Bo\u00eete extensions cil \u00e0 cil mix 8-15mm x1<br \/>\n<\/span><span style=\"font-family: var(--global-body-font-family);\">Bo\u00eete de cils d&rsquo;entrainement x1<\/span><\/p>\n<p>&nbsp;<\/p>\n","protected":false},"excerpt":{"rendered":"<p><span style=\"font-weight: 400;\">Dans la formation, vous verrez comment coller les extensions sur chaque cil naturel&#8230;<\/span><\/p>","protected":false},"featured_media":5107,"template":"","meta":{"_kad_post_transparent":"default","_kad_post_title":"","_kad_post_layout":"default","_kad_post_sidebar_id":"","_kad_post_content_style":"default","_kad_post_vertical_padding":"default","_kad_post_feature":"","_kad_post_feature_position":"","_kad_post_header":false,"_kad_post_footer":false,"_kad_post_classname":"","_jet_sm_ready_style":"","_jet_sm_style":"","_jet_sm_controls_values":"","_jet_sm_fonts_collection":"","_jet_sm_fonts_links":""},"product_brand":[],"product_cat":[153,24,114],"product_tag":[],"product-course":[],"class_list":{"0":"post-1324","1":"product","2":"type-product","3":"status-publish","4":"has-post-thumbnail","6":"product_cat-cours","7":"product_cat-extensions-de-cils","8":"product_cat-formations","10":"first","11":"instock","12":"shipping-taxable","13":"purchasable","14":"product-type-simple","15":"entry","16":"content-bg","17":"loop-entry"},"_links":{"self":[{"href":"https:\/\/linemakeup.training\/en\/wp-json\/wp\/v2\/product\/1324","targetHints":{"allow":["GET"]}}],"collection":[{"href":"https:\/\/linemakeup.training\/en\/wp-json\/wp\/v2\/product"}],"about":[{"href":"https:\/\/linemakeup.training\/en\/wp-json\/wp\/v2\/types\/product"}],"wp:featuredmedia":[{"embeddable":true,"href":"https:\/\/linemakeup.training\/en\/wp-json\/wp\/v2\/media\/5107"}],"wp:attachment":[{"href":"https:\/\/linemakeup.training\/en\/wp-json\/wp\/v2\/media?parent=1324"}],"wp:term":[{"taxonomy":"product_brand","embeddable":true,"href":"https:\/\/linemakeup.training\/en\/wp-json\/wp\/v2\/product_brand?post=1324"},{"taxonomy":"product_cat","embeddable":true,"href":"https:\/\/linemakeup.training\/en\/wp-json\/wp\/v2\/product_cat?post=1324"},{"taxonomy":"product_tag","embeddable":true,"href":"https:\/\/linemakeup.training\/en\/wp-json\/wp\/v2\/product_tag?post=1324"},{"taxonomy":"product-course","embeddable":true,"href":"https:\/\/linemakeup.training\/en\/wp-json\/wp\/v2\/product-course?post=1324"}],"curies":[{"name":"wp","href":"https:\/\/api.w.org\/{rel}","templated":true}]}}