{"id":1316,"date":"2023-04-10T15:28:15","date_gmt":"2023-04-10T13:28:15","guid":{"rendered":"https:\/\/linemakeup.training\/?product=kit-microblading"},"modified":"2025-03-29T08:12:43","modified_gmt":"2025-03-29T07:12:43","slug":"kit-microblading","status":"publish","type":"product","link":"https:\/\/linemakeup.training\/en\/product\/kit-microblading\/","title":{"rendered":"Microblading Kit"},"content":{"rendered":"<\/p>\n<p style=\"text-align: center;\"><strong>List of products included:<br \/>\n<\/strong><\/p>\n<p style=\"text-align: center;\">Set of Eyebrows Pigments EMIRE Blond, Chocolat, Black Brown, Black x1,<br \/>\nMicroblading pen x1,<br \/>\nMicroblading needles 14 pins U shape x20,<br \/>\nCaliper x1,<br \/>\nGolden ratio x1,<br \/>\nEyebrow mapping pencil x1,<br \/>\nPigment ring x20,<br \/>\nMicrobrushes x20,<br \/>\nSynthetic skin x2.<\/p>\n<p style=\"text-align: center;\"><strong>\u00a0<\/strong><\/p>\n<p>","protected":false},"excerpt":{"rendered":"<p data-pm-slice=\"1 1 []\">[trp_language language=\"fr_FR\"]Le Kit Microblading contient le mat\u00e9riel et les produits indispensables pour d\u00e9marrer la pratique du microblading. Pr\u00e9vu pour 20 prestations.[\/trp_language][trp_language language=\"en_US\"]The Microblading Kit contains the essential tools and products to start practicing microblading permanent makeup technique. Designed for 20 applications.[\/trp_language]<\/p>\n","protected":false},"featured_media":7773,"template":"","meta":{"_kad_post_transparent":"default","_kad_post_title":"","_kad_post_layout":"default","_kad_post_sidebar_id":"","_kad_post_content_style":"default","_kad_post_vertical_padding":"default","_kad_post_feature":"","_kad_post_feature_position":"","_kad_post_header":false,"_kad_post_footer":false,"_kad_post_classname":"","_jet_sm_ready_style":"","_jet_sm_style":"","_jet_sm_controls_values":"","_jet_sm_fonts_collection":"","_jet_sm_fonts_links":""},"product_brand":[],"product_cat":[19],"product_tag":[],"product-course":[],"class_list":{"0":"post-1316","1":"product","2":"type-product","3":"status-publish","4":"has-post-thumbnail","6":"product_cat-kits","8":"first","9":"instock","10":"shipping-taxable","11":"purchasable","12":"product-type-simple","13":"entry","14":"content-bg","15":"loop-entry"},"_links":{"self":[{"href":"https:\/\/linemakeup.training\/en\/wp-json\/wp\/v2\/product\/1316","targetHints":{"allow":["GET"]}}],"collection":[{"href":"https:\/\/linemakeup.training\/en\/wp-json\/wp\/v2\/product"}],"about":[{"href":"https:\/\/linemakeup.training\/en\/wp-json\/wp\/v2\/types\/product"}],"wp:featuredmedia":[{"embeddable":true,"href":"https:\/\/linemakeup.training\/en\/wp-json\/wp\/v2\/media\/7773"}],"wp:attachment":[{"href":"https:\/\/linemakeup.training\/en\/wp-json\/wp\/v2\/media?parent=1316"}],"wp:term":[{"taxonomy":"product_brand","embeddable":true,"href":"https:\/\/linemakeup.training\/en\/wp-json\/wp\/v2\/product_brand?post=1316"},{"taxonomy":"product_cat","embeddable":true,"href":"https:\/\/linemakeup.training\/en\/wp-json\/wp\/v2\/product_cat?post=1316"},{"taxonomy":"product_tag","embeddable":true,"href":"https:\/\/linemakeup.training\/en\/wp-json\/wp\/v2\/product_tag?post=1316"},{"taxonomy":"product-course","embeddable":true,"href":"https:\/\/linemakeup.training\/en\/wp-json\/wp\/v2\/product-course?post=1316"}],"curies":[{"name":"wp","href":"https:\/\/api.w.org\/{rel}","templated":true}]}}