{"id":1314,"date":"2023-04-10T15:28:16","date_gmt":"2023-04-10T13:28:16","guid":{"rendered":"https:\/\/linemakeup.training\/?product=kit-microneedling"},"modified":"2026-04-20T16:53:36","modified_gmt":"2026-04-20T14:53:36","slug":"kit-microneedling","status":"publish","type":"product","link":"https:\/\/linemakeup.training\/en\/product\/kit-microneedling\/","title":{"rendered":"Kit Microneedling"},"content":{"rendered":"<p style=\"text-align: center;\" data-pm-slice=\"1 1 [&quot;bullet_list&quot;,{&quot;bullet&quot;:&quot;*&quot;},&quot;list_item&quot;,null]\"><\/p>\n<p style=\"text-align: center;\" data-pm-slice=\"1 1 [&quot;bullet_list&quot;,{&quot;bullet&quot;:&quot;*&quot;},&quot;list_item&quot;,null]\"><strong>List of products included:<\/strong><\/p>\n<p style=\"text-align: center;\" data-pm-slice=\"1 1 [&quot;bullet_list&quot;,{&quot;bullet&quot;:&quot;*&quot;},&quot;list_item&quot;,null]\">Microneedling Pen x1<br \/>\nMicroneedling Needles x10<br \/>\nSerums 30 ml x2<br \/>\nSilicone spatula x1<br \/>\n\u00c9ponges humides x2<\/p>\n","protected":false},"excerpt":{"rendered":"<p data-pm-slice=\"1 1 []\">Le Kit Microneedling contient le mat\u00e9riel et les produits indispensables pour d\u00e9marrer la pratique du microneedling. Pr\u00e9vu pour 10 prestations.<\/p>","protected":false},"featured_media":7784,"template":"","meta":{"_kad_post_transparent":"default","_kad_post_title":"","_kad_post_layout":"default","_kad_post_sidebar_id":"","_kad_post_content_style":"default","_kad_post_vertical_padding":"default","_kad_post_feature":"","_kad_post_feature_position":"","_kad_post_header":false,"_kad_post_footer":false,"_kad_post_classname":"","_jet_sm_ready_style":"","_jet_sm_style":"","_jet_sm_controls_values":"","_jet_sm_fonts_collection":"","_jet_sm_fonts_links":""},"product_brand":[],"product_cat":[19],"product_tag":[],"product-course":[],"class_list":{"0":"post-1314","1":"product","2":"type-product","3":"status-publish","4":"has-post-thumbnail","6":"product_cat-kits","8":"first","9":"instock","10":"shipping-taxable","11":"purchasable","12":"product-type-simple","13":"entry","14":"content-bg","15":"loop-entry"},"_links":{"self":[{"href":"https:\/\/linemakeup.training\/en\/wp-json\/wp\/v2\/product\/1314","targetHints":{"allow":["GET"]}}],"collection":[{"href":"https:\/\/linemakeup.training\/en\/wp-json\/wp\/v2\/product"}],"about":[{"href":"https:\/\/linemakeup.training\/en\/wp-json\/wp\/v2\/types\/product"}],"wp:featuredmedia":[{"embeddable":true,"href":"https:\/\/linemakeup.training\/en\/wp-json\/wp\/v2\/media\/7784"}],"wp:attachment":[{"href":"https:\/\/linemakeup.training\/en\/wp-json\/wp\/v2\/media?parent=1314"}],"wp:term":[{"taxonomy":"product_brand","embeddable":true,"href":"https:\/\/linemakeup.training\/en\/wp-json\/wp\/v2\/product_brand?post=1314"},{"taxonomy":"product_cat","embeddable":true,"href":"https:\/\/linemakeup.training\/en\/wp-json\/wp\/v2\/product_cat?post=1314"},{"taxonomy":"product_tag","embeddable":true,"href":"https:\/\/linemakeup.training\/en\/wp-json\/wp\/v2\/product_tag?post=1314"},{"taxonomy":"product-course","embeddable":true,"href":"https:\/\/linemakeup.training\/en\/wp-json\/wp\/v2\/product-course?post=1314"}],"curies":[{"name":"wp","href":"https:\/\/api.w.org\/{rel}","templated":true}]}}