{"id":1312,"date":"2023-04-10T15:28:16","date_gmt":"2023-04-10T13:28:16","guid":{"rendered":"https:\/\/linemakeup.training\/?product=kit-maquillage-permanent"},"modified":"2025-03-20T20:31:00","modified_gmt":"2025-03-20T19:31:00","slug":"kit-maquillage-permanent","status":"publish","type":"product","link":"https:\/\/linemakeup.training\/en\/product\/kit-maquillage-permanent\/","title":{"rendered":"Kit Maquillage permanent"},"content":{"rendered":"<p style=\"text-align: center;\">Liste des \u00e9l\u00e9ments du KIT :<\/p>\n<div style=\"text-align: center;\">\n<p>Dermographe Portable sans fil x1<br \/>\nAiguilles 1 Nano DERMA x5<br \/>\nAiguilles 1 Micro DERMA x5<br \/>\nAiguilles 1 Liner DERMA x5<br \/>\nAiguilles 3 Outline DERMA x5<br \/>\nAiguilles 5 Flat DERMA x5<br \/>\nAiguilles 5 Shader DERMA x5<br \/>\nPieds \u00e0 Coulisse x1<br \/>\n<span style=\"font-size: 16px;\">Compas m\u00e9tallique x1<br \/>\n<\/span><span style=\"font-size: 16px;\">Crayon Trac\u00e9 Sourcils &amp; Yeux x1<br \/>\n<\/span><span style=\"font-size: 16px;\">Crayon Trac\u00e9 L\u00e8vres x1<\/span><span style=\"font-size: 16px;\"><br \/>\n<\/span><span style=\"font-size: 16px;\">Microbrossettes x100<br \/>\nBagues \u00e0 Pigment x30<br \/>\n<\/span><span style=\"font-size: 16px;\">Peau Synth\u00e9tique Sourcils x2<br \/>\n<\/span><span style=\"font-size: 16px;\">Peau Synth\u00e9tique L\u00e8vres \u00a0x2<br \/>\n<\/span><span style=\"font-size: 16px;\">Peau Synth\u00e9tique Eyeliner x2<br \/>\n<\/span><span style=\"font-size: 16px;\">Pigment EMIRE Blond 10 ml x1<br \/>\n<\/span><span style=\"font-size: 16px;\">Pigment EMIRE Chocolat 10 ml x1<br \/>\n<\/span><span style=\"font-size: 16px;\">Pigment EMIRE Black Brown 10 ml x1<br \/>\n<\/span><span style=\"font-size: 16px;\">Pigment EMIRE Black 10 ml x1<br \/>\n<\/span>Pigment EMIRE Coco Lips 10 ml x1<br \/>\n<span style=\"font-size: 16px;\">Pigment EMIRE Red Cherry Lips 10 ml x1<br \/>\nPigment EMIRE Peach Lips 10 ml x1<\/span><span style=\"font-size: 16px;\"><br \/>\n<\/span><span style=\"font-size: 16px;\">Pigment EMIRE Pink Lips 10 ml x1<br \/>\nPigment EMIRE Cosy Lips 10 ml x1<br \/>\n<\/span><\/p>\n<\/div>","protected":false},"excerpt":{"rendered":"<p data-pm-slice=\"1 1 []\">Le Kit Maquillage permanent Microshading, Eye Liner &amp; Lips contient le mat\u00e9riel et les produits indispensables pour d\u00e9marrer la pratique du maquillage permanent. Pr\u00e9vu pour 30 prestations.<\/p>","protected":false},"featured_media":7819,"template":"","meta":{"_kad_post_transparent":"default","_kad_post_title":"","_kad_post_layout":"default","_kad_post_sidebar_id":"","_kad_post_content_style":"default","_kad_post_vertical_padding":"default","_kad_post_feature":"","_kad_post_feature_position":"","_kad_post_header":false,"_kad_post_footer":false,"_kad_post_classname":"","_jet_sm_ready_style":"","_jet_sm_style":"","_jet_sm_controls_values":"","_jet_sm_fonts_collection":"","_jet_sm_fonts_links":""},"product_brand":[],"product_cat":[19],"product_tag":[],"product-course":[],"class_list":{"0":"post-1312","1":"product","2":"type-product","3":"status-publish","4":"has-post-thumbnail","6":"product_cat-kits","8":"first","9":"instock","10":"shipping-taxable","11":"purchasable","12":"product-type-simple","13":"entry","14":"content-bg","15":"loop-entry"},"_links":{"self":[{"href":"https:\/\/linemakeup.training\/en\/wp-json\/wp\/v2\/product\/1312","targetHints":{"allow":["GET"]}}],"collection":[{"href":"https:\/\/linemakeup.training\/en\/wp-json\/wp\/v2\/product"}],"about":[{"href":"https:\/\/linemakeup.training\/en\/wp-json\/wp\/v2\/types\/product"}],"wp:featuredmedia":[{"embeddable":true,"href":"https:\/\/linemakeup.training\/en\/wp-json\/wp\/v2\/media\/7819"}],"wp:attachment":[{"href":"https:\/\/linemakeup.training\/en\/wp-json\/wp\/v2\/media?parent=1312"}],"wp:term":[{"taxonomy":"product_brand","embeddable":true,"href":"https:\/\/linemakeup.training\/en\/wp-json\/wp\/v2\/product_brand?post=1312"},{"taxonomy":"product_cat","embeddable":true,"href":"https:\/\/linemakeup.training\/en\/wp-json\/wp\/v2\/product_cat?post=1312"},{"taxonomy":"product_tag","embeddable":true,"href":"https:\/\/linemakeup.training\/en\/wp-json\/wp\/v2\/product_tag?post=1312"},{"taxonomy":"product-course","embeddable":true,"href":"https:\/\/linemakeup.training\/en\/wp-json\/wp\/v2\/product-course?post=1312"}],"curies":[{"name":"wp","href":"https:\/\/api.w.org\/{rel}","templated":true}]}}