{"id":1308,"date":"2023-04-10T15:28:18","date_gmt":"2023-04-10T13:28:18","guid":{"rendered":"https:\/\/linemakeup.training\/?product=kit-brow-lift"},"modified":"2025-03-21T09:45:00","modified_gmt":"2025-03-21T08:45:00","slug":"kit-brow-lift","status":"publish","type":"product","link":"https:\/\/linemakeup.training\/en\/product\/kit-brow-lift\/","title":{"rendered":"Kit Brow Lift"},"content":{"rendered":"<p style=\"text-align: center;\">Liste des produits du KIT Brow Lift :<\/p>\n<p style=\"text-align: center;\">Flacon Colle x1<br \/>\nFlacon Permanente x1<br \/>\nFlacon Fixateur x1<br \/>\nFlacon Booster x1<br \/>\nMini Coupelles x4<br \/>\nBrosses \u00e0 sourcils x5<br \/>\nMicrobrossettes x10<br \/>\nFilm \u00e9tirable x1<\/p>","protected":false},"excerpt":{"rendered":"<p>Le Kit Brow Lift contient le mat\u00e9riel et les produits indispensables pour d\u00e9marrer la pratique du brow lift. Pr\u00e9vu pour 20 prestations.<\/p>","protected":false},"featured_media":7711,"template":"","meta":{"_kad_post_transparent":"default","_kad_post_title":"","_kad_post_layout":"default","_kad_post_sidebar_id":"","_kad_post_content_style":"default","_kad_post_vertical_padding":"default","_kad_post_feature":"","_kad_post_feature_position":"","_kad_post_header":false,"_kad_post_footer":false,"_kad_post_classname":"","_jet_sm_ready_style":"","_jet_sm_style":"","_jet_sm_controls_values":"","_jet_sm_fonts_collection":"","_jet_sm_fonts_links":""},"product_brand":[],"product_cat":[19],"product_tag":[],"product-course":[],"class_list":{"0":"post-1308","1":"product","2":"type-product","3":"status-publish","4":"has-post-thumbnail","6":"product_cat-kits","8":"first","9":"instock","10":"shipping-taxable","11":"purchasable","12":"product-type-simple","13":"entry","14":"content-bg","15":"loop-entry"},"_links":{"self":[{"href":"https:\/\/linemakeup.training\/en\/wp-json\/wp\/v2\/product\/1308","targetHints":{"allow":["GET"]}}],"collection":[{"href":"https:\/\/linemakeup.training\/en\/wp-json\/wp\/v2\/product"}],"about":[{"href":"https:\/\/linemakeup.training\/en\/wp-json\/wp\/v2\/types\/product"}],"wp:featuredmedia":[{"embeddable":true,"href":"https:\/\/linemakeup.training\/en\/wp-json\/wp\/v2\/media\/7711"}],"wp:attachment":[{"href":"https:\/\/linemakeup.training\/en\/wp-json\/wp\/v2\/media?parent=1308"}],"wp:term":[{"taxonomy":"product_brand","embeddable":true,"href":"https:\/\/linemakeup.training\/en\/wp-json\/wp\/v2\/product_brand?post=1308"},{"taxonomy":"product_cat","embeddable":true,"href":"https:\/\/linemakeup.training\/en\/wp-json\/wp\/v2\/product_cat?post=1308"},{"taxonomy":"product_tag","embeddable":true,"href":"https:\/\/linemakeup.training\/en\/wp-json\/wp\/v2\/product_tag?post=1308"},{"taxonomy":"product-course","embeddable":true,"href":"https:\/\/linemakeup.training\/en\/wp-json\/wp\/v2\/product-course?post=1308"}],"curies":[{"name":"wp","href":"https:\/\/api.w.org\/{rel}","templated":true}]}}