{"id":1300,"date":"2023-04-10T15:28:22","date_gmt":"2023-04-10T13:28:22","guid":{"rendered":"https:\/\/linemakeup.training\/?product=kit-rehaussement-de-cils"},"modified":"2025-03-22T21:08:20","modified_gmt":"2025-03-22T20:08:20","slug":"kit-rehaussement-de-cils","status":"publish","type":"product","link":"https:\/\/linemakeup.training\/en\/product\/kit-rehaussement-de-cils\/","title":{"rendered":"Lash Lift KiT"},"content":{"rendered":"<p style=\"text-align: center;\" data-pm-slice=\"1 1 [&quot;bullet_list&quot;,{&quot;bullet&quot;:&quot;*&quot;},&quot;list_item&quot;,null]\"><\/p>\n<p style=\"text-align: center;\" data-pm-slice=\"1 1 [&quot;bullet_list&quot;,{&quot;bullet&quot;:&quot;*&quot;},&quot;list_item&quot;,null]\"><strong>List of products included:<\/strong><\/p>\n<p style=\"text-align: center;\" data-pm-slice=\"1 1 [&quot;bullet_list&quot;,{&quot;bullet&quot;:&quot;*&quot;},&quot;list_item&quot;,null]\">Lotion #1 Perm x 1<br data-start=\"345\" data-end=\"348\" \/>Lotion #2 Fixation x 1<br data-start=\"370\" data-end=\"373\" \/>Lotion #3 Nutrition x 1<br data-start=\"396\" data-end=\"399\" \/>Lotion #4 Cleanser x 1<br data-start=\"421\" data-end=\"424\" \/>Lift silicone pads (5 pairs of different sizes)<br data-start=\"466\" data-end=\"469\" \/>Lashes glue (fixing agent) x 1<br data-start=\"499\" data-end=\"502\" \/>Cleaning tool Clean Tool x 1<\/p>\n","protected":false},"excerpt":{"rendered":"<p>[trp_language language=\"fr_FR\"]Le Kit Rehaussement de cils contient le mat\u00e9riel et les produits indispensables pour d\u00e9marrer la pratique du rehaussement de cils. Pr\u00e9vu pour 20 prestations.[\/trp_language][trp_language language=\"en_US\"]The Lash Lift Kit contains the essential tools and products to start practicing lash lift. Designed for 20 applications.[\/trp_language]<\/p>\n","protected":false},"featured_media":7797,"template":"","meta":{"_kad_post_transparent":"default","_kad_post_title":"","_kad_post_layout":"default","_kad_post_sidebar_id":"","_kad_post_content_style":"default","_kad_post_vertical_padding":"default","_kad_post_feature":"","_kad_post_feature_position":"","_kad_post_header":false,"_kad_post_footer":false,"_kad_post_classname":"","_jet_sm_ready_style":"","_jet_sm_style":"","_jet_sm_controls_values":"","_jet_sm_fonts_collection":"","_jet_sm_fonts_links":""},"product_brand":[],"product_cat":[19],"product_tag":[],"product-course":[],"class_list":{"0":"post-1300","1":"product","2":"type-product","3":"status-publish","4":"has-post-thumbnail","6":"product_cat-kits","8":"first","9":"instock","10":"shipping-taxable","11":"purchasable","12":"product-type-simple","13":"entry","14":"content-bg","15":"loop-entry"},"_links":{"self":[{"href":"https:\/\/linemakeup.training\/en\/wp-json\/wp\/v2\/product\/1300","targetHints":{"allow":["GET"]}}],"collection":[{"href":"https:\/\/linemakeup.training\/en\/wp-json\/wp\/v2\/product"}],"about":[{"href":"https:\/\/linemakeup.training\/en\/wp-json\/wp\/v2\/types\/product"}],"wp:featuredmedia":[{"embeddable":true,"href":"https:\/\/linemakeup.training\/en\/wp-json\/wp\/v2\/media\/7797"}],"wp:attachment":[{"href":"https:\/\/linemakeup.training\/en\/wp-json\/wp\/v2\/media?parent=1300"}],"wp:term":[{"taxonomy":"product_brand","embeddable":true,"href":"https:\/\/linemakeup.training\/en\/wp-json\/wp\/v2\/product_brand?post=1300"},{"taxonomy":"product_cat","embeddable":true,"href":"https:\/\/linemakeup.training\/en\/wp-json\/wp\/v2\/product_cat?post=1300"},{"taxonomy":"product_tag","embeddable":true,"href":"https:\/\/linemakeup.training\/en\/wp-json\/wp\/v2\/product_tag?post=1300"},{"taxonomy":"product-course","embeddable":true,"href":"https:\/\/linemakeup.training\/en\/wp-json\/wp\/v2\/product-course?post=1300"}],"curies":[{"name":"wp","href":"https:\/\/api.w.org\/{rel}","templated":true}]}}