{"id":1286,"date":"2023-08-27T13:48:35","date_gmt":"2023-08-27T11:48:35","guid":{"rendered":"https:\/\/linemakeup.training\/?product=kit-eye-liner"},"modified":"2026-04-21T14:36:25","modified_gmt":"2026-04-21T12:36:25","slug":"kit-eye-liner","status":"publish","type":"product","link":"https:\/\/linemakeup.training\/en\/product\/kit-eye-liner\/","title":{"rendered":"Kit EyeLiner"},"content":{"rendered":"<\/p>\n<p style=\"text-align: center;\"><strong>List of products included:<\/strong><\/p>\n<p style=\"text-align: center;\">Set of 2 Pigments EMIRE Chocolat, Black x1,<br \/>\nDERMA Dermograph x1,<br \/>\nDERMA needles x20,<br \/>\nEye-liner pencil x1,<br \/>\nPigment ring x30,<br \/>\nMicrobrushes x20,<br \/>\nSynthetic skin x2.<\/p>\n<p style=\"text-align: left;\"><strong>\u00a0<\/strong>","protected":false},"excerpt":{"rendered":"<p>[trp_language language=\"fr_FR\"] Le Kit Eye Liner contient le mat\u00e9riel et les produits indispensables pour d\u00e9marrer la pratique de l&rsquo;eye liner. Pr\u00e9vu pour 10 prestations. [\/trp_language]<span style=\"font-family: var(--global-body-font-family);\">[trp_language language=\"en_US\"]The Eye Liner Kit contains the essential equipment and products to start the practice of eye-liner <\/span>permanent<span style=\"font-family: var(--global-body-font-family);\"> makeup. Provided for 10 services. [\/trp_language]<\/span><\/p>\n","protected":false},"featured_media":7412,"template":"","meta":{"_kad_post_transparent":"default","_kad_post_title":"","_kad_post_layout":"default","_kad_post_sidebar_id":"","_kad_post_content_style":"default","_kad_post_vertical_padding":"default","_kad_post_feature":"","_kad_post_feature_position":"","_kad_post_header":false,"_kad_post_footer":false,"_kad_post_classname":"","_jet_sm_ready_style":"","_jet_sm_style":"","_jet_sm_controls_values":"","_jet_sm_fonts_collection":"","_jet_sm_fonts_links":""},"product_brand":[],"product_cat":[19],"product_tag":[],"product-course":[],"class_list":{"0":"post-1286","1":"product","2":"type-product","3":"status-publish","4":"has-post-thumbnail","6":"product_cat-kits","8":"first","9":"instock","10":"shipping-taxable","11":"purchasable","12":"product-type-simple","13":"entry","14":"content-bg","15":"loop-entry"},"_links":{"self":[{"href":"https:\/\/linemakeup.training\/en\/wp-json\/wp\/v2\/product\/1286","targetHints":{"allow":["GET"]}}],"collection":[{"href":"https:\/\/linemakeup.training\/en\/wp-json\/wp\/v2\/product"}],"about":[{"href":"https:\/\/linemakeup.training\/en\/wp-json\/wp\/v2\/types\/product"}],"wp:featuredmedia":[{"embeddable":true,"href":"https:\/\/linemakeup.training\/en\/wp-json\/wp\/v2\/media\/7412"}],"wp:attachment":[{"href":"https:\/\/linemakeup.training\/en\/wp-json\/wp\/v2\/media?parent=1286"}],"wp:term":[{"taxonomy":"product_brand","embeddable":true,"href":"https:\/\/linemakeup.training\/en\/wp-json\/wp\/v2\/product_brand?post=1286"},{"taxonomy":"product_cat","embeddable":true,"href":"https:\/\/linemakeup.training\/en\/wp-json\/wp\/v2\/product_cat?post=1286"},{"taxonomy":"product_tag","embeddable":true,"href":"https:\/\/linemakeup.training\/en\/wp-json\/wp\/v2\/product_tag?post=1286"},{"taxonomy":"product-course","embeddable":true,"href":"https:\/\/linemakeup.training\/en\/wp-json\/wp\/v2\/product-course?post=1286"}],"curies":[{"name":"wp","href":"https:\/\/api.w.org\/{rel}","templated":true}]}}