{"id":1282,"date":"2023-10-31T17:02:37","date_gmt":"2023-10-31T16:02:37","guid":{"rendered":"https:\/\/linemakeup.training\/?product=kit-babyglow"},"modified":"2026-04-20T15:31:05","modified_gmt":"2026-04-20T13:31:05","slug":"kit-babyglow","status":"publish","type":"product","link":"https:\/\/linemakeup.training\/en\/product\/kit-babyglow\/","title":{"rendered":"Kit BabyGlow"},"content":{"rendered":"<p style=\"text-align: center;\" data-pm-slice=\"1 1 [&quot;bullet_list&quot;,{&quot;bullet&quot;:&quot;*&quot;},&quot;list_item&quot;,null]\"><\/p>\n<p style=\"text-align: center;\" data-pm-slice=\"1 1 [&quot;bullet_list&quot;,{&quot;bullet&quot;:&quot;*&quot;},&quot;list_item&quot;,null]\"><strong>List of products included:<\/strong><\/p>\n<p style=\"text-align: center;\" data-pm-slice=\"1 1 [&quot;bullet_list&quot;,{&quot;bullet&quot;:&quot;*&quot;},&quot;list_item&quot;,null]\">BabyGlow Pen x1<br \/>\nBabyGlow Nano Needles x10<br \/>\nSerum 30 ml x1<br \/>\nPigment Nude 1 EMIRE 10 ml X1<br \/>\nPigment Nude 2 EMIRE 10 ml X1<br \/>\nPigment Nude 3\u00a0EMIRE 10 ml X1<br \/>\nPigment Nude 4 EMIRE 10 ml X1<\/p>\n","protected":false},"excerpt":{"rendered":"<p data-pm-slice=\"1 1 []\">Le Kit BabyGlow contient le mat\u00e9riel et les produits indispensables pour d\u00e9marrer la pratique du babyglow. Pr\u00e9vu pour 10 prestations.<\/p>","protected":false},"featured_media":7628,"template":"","meta":{"_kad_post_transparent":"default","_kad_post_title":"","_kad_post_layout":"default","_kad_post_sidebar_id":"","_kad_post_content_style":"default","_kad_post_vertical_padding":"default","_kad_post_feature":"","_kad_post_feature_position":"","_kad_post_header":false,"_kad_post_footer":false,"_kad_post_classname":"","_jet_sm_ready_style":"","_jet_sm_style":"","_jet_sm_controls_values":"","_jet_sm_fonts_collection":"","_jet_sm_fonts_links":""},"product_brand":[],"product_cat":[19],"product_tag":[],"product-course":[],"class_list":{"0":"post-1282","1":"product","2":"type-product","3":"status-publish","4":"has-post-thumbnail","6":"product_cat-kits","8":"first","9":"instock","10":"shipping-taxable","11":"purchasable","12":"product-type-simple","13":"entry","14":"content-bg","15":"loop-entry"},"_links":{"self":[{"href":"https:\/\/linemakeup.training\/en\/wp-json\/wp\/v2\/product\/1282","targetHints":{"allow":["GET"]}}],"collection":[{"href":"https:\/\/linemakeup.training\/en\/wp-json\/wp\/v2\/product"}],"about":[{"href":"https:\/\/linemakeup.training\/en\/wp-json\/wp\/v2\/types\/product"}],"wp:featuredmedia":[{"embeddable":true,"href":"https:\/\/linemakeup.training\/en\/wp-json\/wp\/v2\/media\/7628"}],"wp:attachment":[{"href":"https:\/\/linemakeup.training\/en\/wp-json\/wp\/v2\/media?parent=1282"}],"wp:term":[{"taxonomy":"product_brand","embeddable":true,"href":"https:\/\/linemakeup.training\/en\/wp-json\/wp\/v2\/product_brand?post=1282"},{"taxonomy":"product_cat","embeddable":true,"href":"https:\/\/linemakeup.training\/en\/wp-json\/wp\/v2\/product_cat?post=1282"},{"taxonomy":"product_tag","embeddable":true,"href":"https:\/\/linemakeup.training\/en\/wp-json\/wp\/v2\/product_tag?post=1282"},{"taxonomy":"product-course","embeddable":true,"href":"https:\/\/linemakeup.training\/en\/wp-json\/wp\/v2\/product-course?post=1282"}],"curies":[{"name":"wp","href":"https:\/\/api.w.org\/{rel}","templated":true}]}}