{"id":1280,"date":"2023-11-12T00:20:09","date_gmt":"2023-11-11T23:20:09","guid":{"rendered":"https:\/\/linemakeup.training\/?product=pack-18-21"},"modified":"2024-09-02T22:16:30","modified_gmt":"2024-09-02T20:16:30","slug":"pack-18-21","status":"publish","type":"product","link":"https:\/\/linemakeup.training\/en\/product\/pack-18-21\/","title":{"rendered":"Pack Formations Esth\u00e9tiques Jeune 18-21 ans"},"content":{"rendered":"<p style=\"text-align: center;\"><strong>Prix r\u00e9serv\u00e9 aux 18-21 ans<\/strong><\/p>\n<p style=\"text-align: center;\"><strong>D\u00e9posez votre pi\u00e8ce d&rsquo;id\u00e9ntit\u00e9<\/strong>\u00a0et passez la<br \/>\ncommande pour b\u00e9n\u00e9ficier de votre <strong>r\u00e9duction<\/strong>.<\/p>\n<p style=\"text-align: center;\">Nous proc\u00e9dons \u00e0 la <strong>v\u00e9rification<br \/>\nde vos donn\u00e9es<\/strong>.\u00a0Apr\u00e8s validation, une<br \/>\nnotification par mail vous sera envoy\u00e9e<br \/>\nsous <strong>12 \u00e0 24 heures<\/strong>.<\/p>\n<p style=\"text-align: center;\">Avec le Pack des Formations Linemakeup,<br \/>\npendant <strong>12\u00a0mois<\/strong>, vous avez la possibilit\u00e9<br \/>\nde regarder autant de vid\u00e9os\u00a0que<br \/>\nvous le souhaitez, pour <strong>\u00e9largir<br \/>\nvos comp\u00e9tences\u00a0<\/strong>et vous tenir<br \/>\n\u00e0 jour des <strong>nouveaut\u00e9s esth\u00e9tiques. <\/strong><\/p>\n<p style=\"text-align: center;\">","protected":false},"excerpt":{"rendered":"<p>Prix r\u00e9serv\u00e9 aux 18-21 ans D\u00e9posez votre pi\u00e8ce d&rsquo;id\u00e9ntit\u00e9\u00a0et passez la commande pour b\u00e9n\u00e9ficier de votre r\u00e9duction. Nous proc\u00e9dons \u00e0 la v\u00e9rification de vos donn\u00e9es.\u00a0Apr\u00e8s validation, une notification par mail vous sera envoy\u00e9e sous 12 \u00e0 24 heures. Avec le Pack des Formations Linemakeup, pendant 12\u00a0mois, vous avez la possibilit\u00e9 de regarder autant de vid\u00e9os\u00a0que&#8230;<\/p>","protected":false},"featured_media":7823,"template":"","meta":{"_kad_post_transparent":"default","_kad_post_title":"","_kad_post_layout":"default","_kad_post_sidebar_id":"","_kad_post_content_style":"default","_kad_post_vertical_padding":"default","_kad_post_feature":"","_kad_post_feature_position":"","_kad_post_header":false,"_kad_post_footer":false,"_kad_post_classname":"","_jet_sm_ready_style":"","_jet_sm_style":"","_jet_sm_controls_values":"","_jet_sm_fonts_collection":"","_jet_sm_fonts_links":""},"product_brand":[],"product_cat":[20],"product_tag":[],"product-course":[],"class_list":{"0":"post-1280","1":"product","2":"type-product","3":"status-publish","4":"has-post-thumbnail","6":"product_cat-18-21-ans","8":"first","9":"instock","10":"sale","11":"virtual","12":"purchasable","13":"product-type-simple","14":"entry","15":"content-bg","16":"loop-entry"},"_links":{"self":[{"href":"https:\/\/linemakeup.training\/en\/wp-json\/wp\/v2\/product\/1280","targetHints":{"allow":["GET"]}}],"collection":[{"href":"https:\/\/linemakeup.training\/en\/wp-json\/wp\/v2\/product"}],"about":[{"href":"https:\/\/linemakeup.training\/en\/wp-json\/wp\/v2\/types\/product"}],"wp:featuredmedia":[{"embeddable":true,"href":"https:\/\/linemakeup.training\/en\/wp-json\/wp\/v2\/media\/7823"}],"wp:attachment":[{"href":"https:\/\/linemakeup.training\/en\/wp-json\/wp\/v2\/media?parent=1280"}],"wp:term":[{"taxonomy":"product_brand","embeddable":true,"href":"https:\/\/linemakeup.training\/en\/wp-json\/wp\/v2\/product_brand?post=1280"},{"taxonomy":"product_cat","embeddable":true,"href":"https:\/\/linemakeup.training\/en\/wp-json\/wp\/v2\/product_cat?post=1280"},{"taxonomy":"product_tag","embeddable":true,"href":"https:\/\/linemakeup.training\/en\/wp-json\/wp\/v2\/product_tag?post=1280"},{"taxonomy":"product-course","embeddable":true,"href":"https:\/\/linemakeup.training\/en\/wp-json\/wp\/v2\/product-course?post=1280"}],"curies":[{"name":"wp","href":"https:\/\/api.w.org\/{rel}","templated":true}]}}