{"id":1274,"date":"2024-01-20T10:49:21","date_gmt":"2024-01-20T09:49:21","guid":{"rendered":"https:\/\/linemakeup.training\/?product=maquillage-permanent"},"modified":"2024-09-02T22:21:44","modified_gmt":"2024-09-02T20:21:44","slug":"maquillage-permanent","status":"publish","type":"product","link":"https:\/\/linemakeup.training\/en\/product\/maquillage-permanent\/","title":{"rendered":"Pack Formations Maquillage Permanent"},"content":{"rendered":"<p><span style=\"font-weight: 400;\">Ce Pack contient les Formations :<br \/>\n<\/span><span style=\"font-weight: 400;\"><br \/>\n<\/span><span style=\"font-weight: 400;\">1. Le Microblading<\/span><span style=\"font-weight: 400;\"><br \/>\n<\/span><span style=\"font-weight: 400;\">2. Le Microshading<br \/>\n3. L&rsquo; Eye Liner<br \/>\n<\/span><span style=\"font-family: var(--global-body-font-family);\">4. Le Lips<br \/>\n<\/span><span style=\"font-family: var(--global-body-font-family);\">5. Le D\u00e9tatouage<\/span><span style=\"font-family: var(--global-body-font-family);\"><br \/>\n<\/span><\/p>\n<p><span style=\"font-weight: 400;\">Formations Certifiantes : Oui<br \/>\nDur\u00e9e : 31h00<br \/>\nNombre de le\u00e7ons : 33<\/span><\/p>\n<p>Obtention du Certificat en ligne.<\/p>\n<p>Le Pack<span style=\"font-weight: 400;\"> Maquillage Permanent<\/span> KIT inclus contient les Formations + le Kit :<\/p>\n<p>Dermographe DERMA x1<br \/>\nLot 9 Pigments EMIRE Blond, Chocolat, Black Brown, Black, Coco Lips, Peach Lips, Kiss Lips, Red Cherry Lips, Cosy Lips x1<br \/>\nStylo Microblading \u00a0x1<br \/>\nAiguilles 14 pointes en U x20<br \/>\nAiguilles DERMA x40<br \/>\nGel d\u00e9tatouage x1<br \/>\nHuile hydratante x1<br \/>\nFilm \u00e9tirable x1<br \/>\nCompas \u00e0 sourcils x1<br \/>\nPieds \u00e0 coulisse x1<br \/>\nCrayon \u00e0 sourcils x1<br \/>\nCrayon \u00e0 l\u00e8vres x1<br \/>\nBagues \u00e0 pigment x50<br \/>\nMicrobrossettes x50<br \/>\nPeaux synth\u00e9tiques sourcils x2<br \/>\nPeaux synth\u00e9tiques l\u00e8vres x2<br \/>\nPeaux synth\u00e9tiques unie x2<\/p>","protected":false},"excerpt":{"rendered":"<p>Ce Pack contient les Formations : 1. Le Microblading 2. Le Microshading 3. L&rsquo; Eye Liner 4. Le Lips 5. Le D\u00e9tatouage Formations Certifiantes : Oui Dur\u00e9e : 31h00 Nombre de le\u00e7ons : 33 Obtention du Certificat en ligne. Le Pack Maquillage Permanent KIT inclus contient les Formations + le Kit : Dermographe DERMA x1&#8230;<\/p>","protected":false},"featured_media":7815,"template":"","meta":{"_kad_post_transparent":"default","_kad_post_title":"","_kad_post_layout":"default","_kad_post_sidebar_id":"","_kad_post_content_style":"default","_kad_post_vertical_padding":"default","_kad_post_feature":"","_kad_post_feature_position":"","_kad_post_header":false,"_kad_post_footer":false,"_kad_post_classname":"","_jet_sm_ready_style":"","_jet_sm_style":"","_jet_sm_controls_values":"","_jet_sm_fonts_collection":"","_jet_sm_fonts_links":""},"product_brand":[],"product_cat":[17],"product_tag":[],"product-course":[],"class_list":{"0":"post-1274","1":"product","2":"type-product","3":"status-publish","4":"has-post-thumbnail","6":"product_cat-packs","8":"first","9":"instock","10":"sale","11":"shipping-taxable","12":"purchasable","13":"product-type-variable","14":"entry","15":"content-bg","16":"loop-entry"},"_links":{"self":[{"href":"https:\/\/linemakeup.training\/en\/wp-json\/wp\/v2\/product\/1274","targetHints":{"allow":["GET"]}}],"collection":[{"href":"https:\/\/linemakeup.training\/en\/wp-json\/wp\/v2\/product"}],"about":[{"href":"https:\/\/linemakeup.training\/en\/wp-json\/wp\/v2\/types\/product"}],"wp:featuredmedia":[{"embeddable":true,"href":"https:\/\/linemakeup.training\/en\/wp-json\/wp\/v2\/media\/7815"}],"wp:attachment":[{"href":"https:\/\/linemakeup.training\/en\/wp-json\/wp\/v2\/media?parent=1274"}],"wp:term":[{"taxonomy":"product_brand","embeddable":true,"href":"https:\/\/linemakeup.training\/en\/wp-json\/wp\/v2\/product_brand?post=1274"},{"taxonomy":"product_cat","embeddable":true,"href":"https:\/\/linemakeup.training\/en\/wp-json\/wp\/v2\/product_cat?post=1274"},{"taxonomy":"product_tag","embeddable":true,"href":"https:\/\/linemakeup.training\/en\/wp-json\/wp\/v2\/product_tag?post=1274"},{"taxonomy":"product-course","embeddable":true,"href":"https:\/\/linemakeup.training\/en\/wp-json\/wp\/v2\/product-course?post=1274"}],"curies":[{"name":"wp","href":"https:\/\/api.w.org\/{rel}","templated":true}]}}