{"id":1268,"date":"2024-02-20T10:27:10","date_gmt":"2024-02-20T09:27:10","guid":{"rendered":"https:\/\/linemakeup.training\/?product=kit-extensions-de-cil-a-cil"},"modified":"2025-03-23T17:47:41","modified_gmt":"2025-03-23T16:47:41","slug":"kit-extensions-cil-a-cil","status":"publish","type":"product","link":"https:\/\/linemakeup.training\/en\/product\/kit-extensions-cil-a-cil\/","title":{"rendered":"Kit Extensions Cil \u00e0 cil"},"content":{"rendered":"<div style=\"text-align: center;\">\n<div id=\"product-description-short-17\" class=\"product-description-fp\">\n\n<\/p>\n<p style=\"text-align: center;\"><strong>List of products included:<br \/>\n<\/strong><\/p>\n<p style=\"text-align: center;\">Set of Eyebrows Pigments EMIRE Blond, Chocolat, Black Brown, Black x1,<br \/>\nMicroblading pen x1,<br \/>\nMicroblading needles 14 pins U shape x20,<br \/>\nCaliper x1,<br \/>\nGolden ratio x1,<br \/>\nEyebrow mapping pencil x1,<br \/>\nPigment ring x20,<br \/>\nMicrobrushes x20,<br \/>\nSynthetic skin x2.<\/p>\n<p style=\"text-align: center;\"><strong>\u00a0<\/strong><\/p>\n<p>\n<\/div>\n<div class=\"product-actions\">\n<form id=\"add-to-cart-or-refresh\" action=\"https:\/\/www.velvet-extension.fr\/panier\" method=\"post\">\n<section class=\"product-discounts\"><\/section>\n<div class=\"product-add-to-cart\">\n<div class=\"product-quantity clearfix\">\n<div class=\"qty\">\n<div class=\"input-group bootstrap-touchspin\"><\/div>\n<\/div>\n<\/div>\n<\/div>\n<\/form>\n<\/div>\n<\/div>\n<div><\/div>","protected":false},"excerpt":{"rendered":"<p>[trp_language language=\"fr_FR\"]Le Kit Extensions Cil \u00e0 cil contient le mat\u00e9riel et les produits indispensables pour d\u00e9marrer la pratique des extensions de cils. Pr\u00e9vu pour 20 prestations.[\/trp_language][trp_language language=\"en_US\"]The Lash to Lash Kit contains the essential tools and products to start practicing eyelash extensions. Designed for 20 applications.[\/trp_language]<\/p>\n","protected":false},"featured_media":7804,"template":"","meta":{"_kad_post_transparent":"default","_kad_post_title":"","_kad_post_layout":"default","_kad_post_sidebar_id":"","_kad_post_content_style":"default","_kad_post_vertical_padding":"default","_kad_post_feature":"","_kad_post_feature_position":"","_kad_post_header":false,"_kad_post_footer":false,"_kad_post_classname":"","_jet_sm_ready_style":"","_jet_sm_style":"","_jet_sm_controls_values":"","_jet_sm_fonts_collection":"","_jet_sm_fonts_links":""},"product_brand":[],"product_cat":[19],"product_tag":[],"product-course":[],"class_list":{"0":"post-1268","1":"product","2":"type-product","3":"status-publish","4":"has-post-thumbnail","6":"product_cat-kits","8":"first","9":"instock","10":"shipping-taxable","11":"purchasable","12":"product-type-simple","13":"entry","14":"content-bg","15":"loop-entry"},"_links":{"self":[{"href":"https:\/\/linemakeup.training\/en\/wp-json\/wp\/v2\/product\/1268","targetHints":{"allow":["GET"]}}],"collection":[{"href":"https:\/\/linemakeup.training\/en\/wp-json\/wp\/v2\/product"}],"about":[{"href":"https:\/\/linemakeup.training\/en\/wp-json\/wp\/v2\/types\/product"}],"wp:featuredmedia":[{"embeddable":true,"href":"https:\/\/linemakeup.training\/en\/wp-json\/wp\/v2\/media\/7804"}],"wp:attachment":[{"href":"https:\/\/linemakeup.training\/en\/wp-json\/wp\/v2\/media?parent=1268"}],"wp:term":[{"taxonomy":"product_brand","embeddable":true,"href":"https:\/\/linemakeup.training\/en\/wp-json\/wp\/v2\/product_brand?post=1268"},{"taxonomy":"product_cat","embeddable":true,"href":"https:\/\/linemakeup.training\/en\/wp-json\/wp\/v2\/product_cat?post=1268"},{"taxonomy":"product_tag","embeddable":true,"href":"https:\/\/linemakeup.training\/en\/wp-json\/wp\/v2\/product_tag?post=1268"},{"taxonomy":"product-course","embeddable":true,"href":"https:\/\/linemakeup.training\/en\/wp-json\/wp\/v2\/product-course?post=1268"}],"curies":[{"name":"wp","href":"https:\/\/api.w.org\/{rel}","templated":true}]}}