{"id":1266,"date":"2024-03-02T09:52:55","date_gmt":"2024-03-02T08:52:55","guid":{"rendered":"https:\/\/linemakeup.training\/?product=kit-vernis"},"modified":"2025-03-26T11:36:33","modified_gmt":"2025-03-26T10:36:33","slug":"kit-vernis","status":"publish","type":"product","link":"https:\/\/linemakeup.training\/en\/product\/kit-vernis\/","title":{"rendered":"Semipermanent Polish KiT"},"content":{"rendered":"<div tabindex=\"0\" role=\"tab\" data-role=\"collapsible\" data-collapsible=\"true\" aria-controls=\"ingredient\" aria-selected=\"false\" aria-expanded=\"false\">\n<div id=\"description\" class=\"data item content\" role=\"tabpanel\" aria-labelledby=\"tab-label-description\" data-role=\"content\" aria-hidden=\"false\">\n<div class=\"product attribute description\">\n<div class=\"value\">\n<p style=\"text-align: left;\"><\/p>\n<\/p>\n<p style=\"text-align: center;\"><strong>List of products included:<br \/>\n<\/strong><\/p>\n<p style=\"text-align: center;\">1x Lampe UV\/LED<br \/>\n6x VSP color\u00e9s<span class=\"Apple-converted-space\"><br \/>\n<\/span>1x Gel Base<span class=\"Apple-converted-space\"><br \/>\n<\/span>1x Top Coat<span class=\"Apple-converted-space\"><br \/>\n<\/span>1x Primer<span class=\"Apple-converted-space\"><br \/>\n<\/span>1x Huile de cuticules<span class=\"Apple-converted-space\"><br \/>\n<\/span>1x Cleaner<span class=\"Apple-converted-space\"><br \/>\n<\/span>1x Dissolvant ac\u00e9tone<span class=\"Apple-converted-space\"><br \/>\n<\/span>2x Limes<span class=\"Apple-converted-space\"><br \/>\n<\/span>1x Bloc polissoir<span class=\"Apple-converted-space\"><br \/>\n<\/span>5x Pinces \u00e0 d\u00e9pose<br \/>\n1x Repousse cuticules<span class=\"Apple-converted-space\"><br \/>\n<\/span>1x Brosse d\u00e9poussi\u00e9rante<br \/>\n1x Coupe cuticules en plastique<br \/>\n\n<\/div>\n<\/div>\n<\/div>\n<div id=\"description\" class=\"data item content\" role=\"tabpanel\" aria-labelledby=\"tab-label-description\" data-role=\"content\" aria-hidden=\"false\">\n<div class=\"product attribute description\">\n<div class=\"value\">\n<p style=\"text-align: center;\">\n<\/div>\n<\/div>\n<\/div>\n<div id=\"tab-label-ingredient\" class=\"data item title\" tabindex=\"0\" role=\"tab\" data-role=\"collapsible\" data-collapsible=\"true\" aria-controls=\"ingredient\" aria-selected=\"false\" aria-expanded=\"false\"><\/div>\n<p style=\"text-align: center;\">\n<\/div>\n<p style=\"text-align: center;\">","protected":false},"excerpt":{"rendered":"<p data-pm-slice=\"1 1 []\">[trp_language language=\"fr_FR\"]Le Kit Proth\u00e9siste ongulaire Vernis semipermanent contient le mat\u00e9riel et les produits indispensables pour d\u00e9marrer la pratique de l&rsquo;onglerie avec le vernis semipermanent. Pr\u00e9vu pour 20 prestations.[\/trp_language][trp_language language=\"en_US\"]The Gel Nail with Tips Technician KiT contains the essential tools and products to start practicing gel nail application with tips. Designed for 20 applications.[\/trp_language]<\/p>\n","protected":false},"featured_media":7801,"template":"","meta":{"_kad_post_transparent":"default","_kad_post_title":"","_kad_post_layout":"default","_kad_post_sidebar_id":"","_kad_post_content_style":"default","_kad_post_vertical_padding":"default","_kad_post_feature":"","_kad_post_feature_position":"","_kad_post_header":false,"_kad_post_footer":false,"_kad_post_classname":"","_jet_sm_ready_style":"","_jet_sm_style":"","_jet_sm_controls_values":"","_jet_sm_fonts_collection":"","_jet_sm_fonts_links":""},"product_brand":[],"product_cat":[19],"product_tag":[],"product-course":[],"class_list":{"0":"post-1266","1":"product","2":"type-product","3":"status-publish","4":"has-post-thumbnail","6":"product_cat-kits","8":"first","9":"instock","10":"shipping-taxable","11":"purchasable","12":"product-type-simple","13":"entry","14":"content-bg","15":"loop-entry"},"_links":{"self":[{"href":"https:\/\/linemakeup.training\/en\/wp-json\/wp\/v2\/product\/1266","targetHints":{"allow":["GET"]}}],"collection":[{"href":"https:\/\/linemakeup.training\/en\/wp-json\/wp\/v2\/product"}],"about":[{"href":"https:\/\/linemakeup.training\/en\/wp-json\/wp\/v2\/types\/product"}],"wp:featuredmedia":[{"embeddable":true,"href":"https:\/\/linemakeup.training\/en\/wp-json\/wp\/v2\/media\/7801"}],"wp:attachment":[{"href":"https:\/\/linemakeup.training\/en\/wp-json\/wp\/v2\/media?parent=1266"}],"wp:term":[{"taxonomy":"product_brand","embeddable":true,"href":"https:\/\/linemakeup.training\/en\/wp-json\/wp\/v2\/product_brand?post=1266"},{"taxonomy":"product_cat","embeddable":true,"href":"https:\/\/linemakeup.training\/en\/wp-json\/wp\/v2\/product_cat?post=1266"},{"taxonomy":"product_tag","embeddable":true,"href":"https:\/\/linemakeup.training\/en\/wp-json\/wp\/v2\/product_tag?post=1266"},{"taxonomy":"product-course","embeddable":true,"href":"https:\/\/linemakeup.training\/en\/wp-json\/wp\/v2\/product-course?post=1266"}],"curies":[{"name":"wp","href":"https:\/\/api.w.org\/{rel}","templated":true}]}}