{"id":1264,"date":"2024-03-02T09:54:19","date_gmt":"2024-03-02T08:54:19","guid":{"rendered":"https:\/\/linemakeup.training\/?product=kit-extensions-de-cils-volume-russe"},"modified":"2026-04-20T17:24:01","modified_gmt":"2026-04-20T15:24:01","slug":"kit-extensions-volume-russe","status":"publish","type":"product","link":"https:\/\/linemakeup.training\/en\/product\/kit-extensions-volume-russe\/","title":{"rendered":"Russian Volume KiT"},"content":{"rendered":"<div style=\"text-align: center;\">\n<div id=\"product-description-short-17\" class=\"product-description-fp\">\n\n<\/p>\n<p style=\"text-align: center;\"><strong>List of products included:<br \/>\n<\/strong><\/p>\n<p style=\"text-align: center;\">1x Colle<br \/>\n1x Remover<strong><br \/>\n<\/strong>1x Primer<br \/>\n1x Souffleur<br \/>\n1x Pince droite<br \/>\n1x Pince L<br \/>\n10x Paires de patchs<br \/>\n1x Bo\u00eete de cils d\u2019entra\u00eenement<br \/>\n20x Bagues \u00e0 colle<br \/>\n10x Goupillons brosse<br \/>\n1x Rouleaux de sparadrap<br \/>\n<span style=\"font-family: var(--global-body-font-family);\">100 x <\/span><span style=\"font-family: var(--global-body-font-family);\">Microbrossettes<\/span><br \/>\n1x Bo\u00eete Bouquets Volume Russe 9mm<br \/>\n1x Bo\u00eete Bouquets Volume Russe 10mm<br \/>\n1x Bo\u00eete Bouquets Volume Russe 11mm<br \/>\n1x Bo\u00eete Bouquets Volume Russe 12mm<br \/>\n1x Bo\u00eete Bouquets Volume Russe 13mm<br \/>\n1x Bo\u00eete Bouquets Volume Russe 14mm<\/p>\n<p style=\"text-align: center;\">\n<\/div>\n<\/div>","protected":false},"excerpt":{"rendered":"<p data-pm-slice=\"1 1 []\">[trp_language language=\"fr_FR\"]Le Kit Extensions Volume Russe contient le mat\u00e9riel et les produits indispensables pour d\u00e9marrer la pratique du volume russe. Pr\u00e9vu pour 10 prestations.[\/trp_language][trp_language language=\"en_US\"]The Russian Volume Kit contains the essential tools and products to start practicing eyelash extensions. Designed for 10 applications.[\/trp_language]<\/p>\n","protected":false},"featured_media":7803,"template":"","meta":{"_kad_post_transparent":"default","_kad_post_title":"","_kad_post_layout":"default","_kad_post_sidebar_id":"","_kad_post_content_style":"default","_kad_post_vertical_padding":"default","_kad_post_feature":"","_kad_post_feature_position":"","_kad_post_header":false,"_kad_post_footer":false,"_kad_post_classname":"","_jet_sm_ready_style":"","_jet_sm_style":"","_jet_sm_controls_values":"","_jet_sm_fonts_collection":"","_jet_sm_fonts_links":""},"product_brand":[],"product_cat":[19],"product_tag":[],"product-course":[],"class_list":{"0":"post-1264","1":"product","2":"type-product","3":"status-publish","4":"has-post-thumbnail","6":"product_cat-kits","8":"first","9":"instock","10":"shipping-taxable","11":"purchasable","12":"product-type-simple","13":"entry","14":"content-bg","15":"loop-entry"},"_links":{"self":[{"href":"https:\/\/linemakeup.training\/en\/wp-json\/wp\/v2\/product\/1264","targetHints":{"allow":["GET"]}}],"collection":[{"href":"https:\/\/linemakeup.training\/en\/wp-json\/wp\/v2\/product"}],"about":[{"href":"https:\/\/linemakeup.training\/en\/wp-json\/wp\/v2\/types\/product"}],"wp:featuredmedia":[{"embeddable":true,"href":"https:\/\/linemakeup.training\/en\/wp-json\/wp\/v2\/media\/7803"}],"wp:attachment":[{"href":"https:\/\/linemakeup.training\/en\/wp-json\/wp\/v2\/media?parent=1264"}],"wp:term":[{"taxonomy":"product_brand","embeddable":true,"href":"https:\/\/linemakeup.training\/en\/wp-json\/wp\/v2\/product_brand?post=1264"},{"taxonomy":"product_cat","embeddable":true,"href":"https:\/\/linemakeup.training\/en\/wp-json\/wp\/v2\/product_cat?post=1264"},{"taxonomy":"product_tag","embeddable":true,"href":"https:\/\/linemakeup.training\/en\/wp-json\/wp\/v2\/product_tag?post=1264"},{"taxonomy":"product-course","embeddable":true,"href":"https:\/\/linemakeup.training\/en\/wp-json\/wp\/v2\/product-course?post=1264"}],"curies":[{"name":"wp","href":"https:\/\/api.w.org\/{rel}","templated":true}]}}